{"id":7895,"date":"2023-05-09T14:27:19","date_gmt":"2023-05-09T14:27:19","guid":{"rendered":"https:\/\/beautybe.ee\/?page_id=7895"},"modified":"2023-05-09T14:44:00","modified_gmt":"2023-05-09T14:44:00","slug":"isikuandmete-tootlemine","status":"publish","type":"page","link":"https:\/\/beautybe.ee\/eng\/isikuandmete-tootlemine\/","title":{"rendered":"Privacy policy"},"content":{"rendered":"<div data-elementor-type=\"wp-page\" data-elementor-id=\"7895\" class=\"elementor elementor-7895\">\n\t\t\t\t\t\t<section class=\"elementor-section elementor-top-section elementor-element elementor-element-7374fe5 elementor-section-boxed elementor-section-height-default elementor-section-height-default qodef-elementor-content-no\" data-id=\"7374fe5\" data-element_type=\"section\" data-e-type=\"section\">\n\t\t\t\t\t\t<div class=\"elementor-container elementor-column-gap-default\">\n\t\t\t\t\t<div class=\"elementor-column elementor-col-100 elementor-top-column elementor-element elementor-element-20b4419\" data-id=\"20b4419\" data-element_type=\"column\" data-e-type=\"column\">\n\t\t\t<div class=\"elementor-widget-wrap elementor-element-populated\">\n\t\t\t\t\t\t<div class=\"elementor-element elementor-element-cc2aae2 elementor-widget elementor-widget-heading\" data-id=\"cc2aae2\" data-element_type=\"widget\" data-e-type=\"widget\" data-widget_type=\"heading.default\">\n\t\t\t\t<div class=\"elementor-widget-container\">\n\t\t\t\t\t<h2 class=\"elementor-heading-title elementor-size-default\">Privacy policy \n<\/h2>\t\t\t\t<\/div>\n\t\t\t\t<\/div>\n\t\t\t\t\t<\/div>\n\t\t<\/div>\n\t\t\t\t\t<\/div>\n\t\t<\/section>\n\t\t\t\t<section class=\"elementor-section elementor-top-section elementor-element elementor-element-716b624 elementor-section-boxed elementor-section-height-default elementor-section-height-default qodef-elementor-content-no\" data-id=\"716b624\" data-element_type=\"section\" data-e-type=\"section\">\n\t\t\t\t\t\t<div class=\"elementor-container elementor-column-gap-default\">\n\t\t\t\t\t<div class=\"elementor-column elementor-col-100 elementor-top-column elementor-element elementor-element-66ed88c\" data-id=\"66ed88c\" data-element_type=\"column\" data-e-type=\"column\">\n\t\t\t<div class=\"elementor-widget-wrap elementor-element-populated\">\n\t\t\t\t\t\t<div class=\"elementor-element elementor-element-734f066 elementor-widget elementor-widget-text-editor\" data-id=\"734f066\" data-element_type=\"widget\" data-e-type=\"widget\" data-widget_type=\"text-editor.default\">\n\t\t\t\t<div class=\"elementor-widget-container\">\n\t\t\t\t\t\t\t\t\t<h3><span style=\"font-weight: 400;\">ISIKUANDMETE T\u00d6\u00d6TLEMINE\u00a0<\/span><\/h3><p><span style=\"font-weight: 400;\">E-poe BeautyBe.ee isikuandmete vastutav t\u00f6\u00f6tleja on,Trigonord O\u00dc, registrikood 11125696, (edaspidi BeautyBe), telefon\u00a0 +372 55651514 ja e-post info@beautybe.ee (edaspidi \u201ckaupmees\u201d).<\/span><\/p><p><span style=\"font-weight: 400;\">MILLISEID ISIKUANDMEID T\u00d6\u00d6DELDAKSE<\/span><\/p><ul><li style=\"font-weight: 400;\" aria-level=\"1\"><span style=\"font-weight: 400;\">nimi;<\/span><\/li><li style=\"font-weight: 400;\" aria-level=\"1\"><span style=\"font-weight: 400;\">kontaktinfo, nagu telefoninumber ja e-posti aadress;<\/span><\/li><li style=\"font-weight: 400;\" aria-level=\"1\"><span style=\"font-weight: 400;\">maksja ja kohaletoimetamise aadress;<\/span><\/li><li style=\"font-weight: 400;\" aria-level=\"1\"><span style=\"font-weight: 400;\">pangakonto number;<\/span><\/li><li style=\"font-weight: 400;\" aria-level=\"1\"><span style=\"font-weight: 400;\">kaupade ja teenuste maksumus ja maksetega seotud andmed (ostuajalugu);<\/span><\/li><li style=\"font-weight: 400;\" aria-level=\"1\"><span style=\"font-weight: 400;\">klienditoe andmed;<\/span><\/li><li style=\"font-weight: 400;\" aria-level=\"1\"><span style=\"font-weight: 400;\">muu kliendiuuringute ja\/v\u00f5i pakkumistega seotud teave.<\/span><\/li><\/ul><h3><span style=\"font-weight: 400;\">MIS EESM\u00c4RGIL ISIKUANDMEID T\u00d6\u00d6DELDAKSE<\/span><\/h3><p><span style=\"font-weight: 400;\">Isikuandmete t\u00f6\u00f6tlemine toimub kliendiga s\u00f5lmitud lepingu t\u00e4itmise eesm\u00e4rgil. Isikuandmete t\u00f6\u00f6tlemine toimub juriidilise kohustuse t\u00e4itmiseks (nt raamatupidamine ja tarbijavaidluste lahendamine).\u00a0<\/span><\/p><p><span style=\"font-weight: 400;\">Isikuandmeid kasutatakse kliendi tellimuste haldamiseks ja kauba kohaletoimetamiseks.\u00a0<\/span><\/p><p><span style=\"font-weight: 400;\">Ostuajaloo andmeid (ostukuup\u00e4ev, kaup, kogus, kliendi andmed) kasutatakse ostetud kaupade ja teenuste \u00fclevaate koostamiseks ning kliendieelistuste anal\u00fc\u00fcsimiseks.\u00a0<\/span><\/p><p><span style=\"font-weight: 400;\">Pangakonto numbrit kasutatakse kliendile maksete tagastamiseks.\u00a0<\/span><\/p><p><span style=\"font-weight: 400;\">Isikuandmeid nagu e-posti aadress, telefoninumber, kliendi nimi, t\u00f6\u00f6deldakse selleks, et lahendada kaupade ja teenuste osutamise seonduvaid k\u00fcsimusi (klienditugi).\u00a0<\/span><\/p><p><span style=\"font-weight: 400;\">E-poe kasutaja IP-aadressi v\u00f5i teisi v\u00f5rguidentifikaatoreid t\u00f6\u00f6deldakse e-poe kui info\u00fchiskonna teenuse osutamiseks ning veebikasutusstatistika tegemiseks.\u00a0<\/span><\/p><h3><span style=\"font-weight: 400;\">ISIKUANDMED EDASTAMINE VOLITATUD T\u00d6\u00d6TLEJATELE<\/span><\/h3><p><span style=\"font-weight: 400;\">Kaupmees hoiab kliendi isikuandmeid, mis on talle teatavaks saanud kasutajakonto registreerimise ja kasutamise k\u00e4igus, saladuses ning avaldab neid kolmandatele osapooltele \u00fcksnes kliendi n\u00f5usolekul, v.a. kui andmete avaldamise kohustus v\u00f5i \u00f5igus tuleneb \u00f5igusaktidest. E-poe kasutaja n\u00f5ustub sellega, et kaupmehel on \u00f5igus kliendile sobivate teenuste osutamiseks t\u00f6\u00f6delda tema andmeid, sh edastada kliendi andmeid isikutele, kes on seotud kaupmehe poolt kliendile teenuse osutamisega. Nimekiri volitatud t\u00f6\u00f6tlejatest:<\/span><\/p><p><span style=\"font-weight: 400;\">Tarnijad &#8211; tellimuste edastamiseks kliendini:<\/span><\/p><ul><li style=\"font-weight: 400;\" aria-level=\"1\"><span style=\"font-weight: 400;\">DPD<\/span><\/li><li style=\"font-weight: 400;\" aria-level=\"1\"><span style=\"font-weight: 400;\">Itella<\/span><\/li><li style=\"font-weight: 400;\" aria-level=\"1\"><span style=\"font-weight: 400;\">Omniva<\/span><\/li><\/ul><p><span style=\"font-weight: 400;\">Maksevahendajad &#8211; tellimuste eest tasumiseks:<\/span><\/p><ul><li style=\"font-weight: 400;\" aria-level=\"1\"><span style=\"font-weight: 400;\">Paysera<\/span><\/li><li style=\"font-weight: 400;\" aria-level=\"1\"><span style=\"font-weight: 400;\">Swedbank<\/span><\/li><li style=\"font-weight: 400;\" aria-level=\"1\"><span style=\"font-weight: 400;\">SEB<\/span><\/li><li style=\"font-weight: 400;\" aria-level=\"1\"><span style=\"font-weight: 400;\">Luminor<\/span><\/li><li style=\"font-weight: 400;\" aria-level=\"1\"><span style=\"font-weight: 400;\">LHV<\/span><\/li><li style=\"font-weight: 400;\" aria-level=\"1\"><span style=\"font-weight: 400;\">Coop<\/span><\/li><li style=\"font-weight: 400;\" aria-level=\"1\"><span style=\"font-weight: 400;\">Maksekeskus<\/span><\/li><\/ul><p><span style=\"font-weight: 400;\">Statistika kogumine &#8211; info kogumine e-poe kasutajakogemuse paremaks muutmise eesm\u00e4rgil:<\/span><\/p><ul><li style=\"font-weight: 400;\" aria-level=\"1\"><span style=\"font-weight: 400;\">Google Analytics<\/span><\/li><li style=\"font-weight: 400;\" aria-level=\"1\"><span style=\"font-weight: 400;\">Facebook<\/span><\/li><li style=\"font-weight: 400;\" aria-level=\"1\"><span style=\"font-weight: 400;\">Mailchimp<\/span><\/li><\/ul><h3><span style=\"font-weight: 400;\">TURVALISUS JA ANDMETELE LIGIP\u00c4\u00c4S<\/span><\/h3><p><span style=\"font-weight: 400;\">Isikuandmeid hoitakse Zone serverites, mis asuvad Euroopa Liidu liikmesriigi v\u00f5i Euroopa Liidu majanduspiirkonnaga liitunud riikide territooriumil. Andmeid v\u00f5idakse edastada riikidesse, mille andmekaitse taset on Euroopa Komisjon hinnanud piisavaks ning USA ettev\u00f5tetele, kes on liitunud andmekaitse kilbi (Privacy Shield) raamistikuga.<\/span><\/p><p><span style=\"font-weight: 400;\">E-pood rakendab asjakohaseid f\u00fc\u00fcsilisi, organisatsioonilisi ja infotehnilisi turvameetmeid, et kaitsta isikuandmeid juhusliku v\u00f5i ebaseadusliku h\u00e4vitamise, kaotsimineku, muutmise v\u00f5i loata juurdep\u00e4\u00e4su ja avalikustamise eest.<\/span><\/p><p><span style=\"font-weight: 400;\">Isikuandmete edastamine e-poe volitatud t\u00f6\u00f6tlejatele &#8211; isikuandmete t\u00f6\u00f6tlemine toimub e-poe ja volitatud t\u00f6\u00f6tlejatega s\u00f5lmitud lepingute alusel. Volitatud t\u00f6\u00f6tlejad on kohustatud tagama isikuandmete t\u00f6\u00f6tlemisel asjakohased kaitsemeetmed.<\/span><\/p><h3><span style=\"font-weight: 400;\">ISIKUANDMETEGA TUTVUMINE JA PARANDAMINE<\/span><\/h3><p><span style=\"font-weight: 400;\">E-poes salvestatud isikuandmetega saab tutvuda ja teha parandusi e-poe kontohalduses. Kui ost on sooritatud k\u00fclalisena (ilma kasutajakontota), siis saab isikuandmete kohta p\u00e4ringu esitada e-posti teel info@beautybe.ee<\/span><\/p><h3><span style=\"font-weight: 400;\">S\u00c4ILITAMINE<\/span><\/h3><p><span style=\"font-weight: 400;\">E-poe kliendikonto sulgemisel kustutatakse isikuandmed, va juhul kui selliseid andmeid on vaja s\u00e4ilitada raamatupidamise jaoks v\u00f5i tarbijavaidluste lahendamiseks.<\/span><\/p><p><span style=\"font-weight: 400;\">Kui e-poes on ost sooritatud k\u00fclalisena (ilma kasutajakontota), siis s\u00e4ilitatakse isikustatud ostuajalugu 1-aasta.<\/span><\/p><p><span style=\"font-weight: 400;\">Maksetega ja tarbijavaidlustega seotud vaidluste korral s\u00e4ilitatakse isikuandmed kuni n\u00f5ude t\u00e4itmiseni v\u00f5i aegumist\u00e4htaja l\u00f5puni (kolm aastat).<\/span><\/p><p><span style=\"font-weight: 400;\">Raamatupidamise jaoks vajalikud isikuandmed s\u00e4ilitatakse seitse aastat.<\/span><\/p><h3><span style=\"font-weight: 400;\">KUSTUTAMINE<\/span><\/h3><p><span style=\"font-weight: 400;\">E-poodi salvestatud isikuandmed koos kasutajakontoga saab kustutada kirjutades oma soovist meilileinfo@beautybe.ee. Muude isikuandmete kustutamise kohta saate p\u00e4ringu esitada e-posti teel.<\/span><\/p><h3><span style=\"font-weight: 400;\">OTSETURUSTUSTEATED<\/span><\/h3><p><span style=\"font-weight: 400;\">E-posti aadressi ja telefoninumbrit kasutatakse otseturundusteadete saatmiseks, kui klient on andnud vastava n\u00f5usoleku. Kui klient ei soovi saada otseturustusteateid, siis tuleb valida e-kirja p\u00e4ises vastav viide v\u00f5i v\u00f5tta \u00fchendust klienditoega.<\/span><\/p><p><span style=\"font-weight: 400;\">Kui isikuandmeid t\u00f6\u00f6deldakse otseturunduse eesm\u00e4rgil (profileerimine), on kliendil \u00f5igus oma isikuandmete nii algse kui ka edasise t\u00f6\u00f6tlemise kohta, sealhulgas otseturundusega seotud profiilianal\u00fc\u00fcsi tegemise suhtes, igal ajal vastuv\u00e4iteid esitada teavitades sellest kliendituge e-posti teel.<\/span><\/p><h3><span style=\"font-weight: 400;\">VAIDLUSTE LAHENDAMINE<\/span><\/h3><p><span style=\"font-weight: 400;\">Isikuandmete t\u00f6\u00f6tlemisega seotud vaidluste lahendamine toimub klienditoe vahendusel. J\u00e4relevalveasutus on Eesti Andmekaitse Inspektsioon (info@aki.ee). Tarbijakaitse komisjon ja ODR platvorm.<\/span><\/p>\t\t\t\t\t\t\t\t<\/div>\n\t\t\t\t<\/div>\n\t\t\t\t\t<\/div>\n\t\t<\/div>\n\t\t\t\t\t<\/div>\n\t\t<\/section>\n\t\t\t\t<\/div>","protected":false},"excerpt":{"rendered":"<p>Isikuandmete t\u00f6\u00f6tlemine ISIKUANDMETE T\u00d6\u00d6TLEMINE E-poe BeautyBe.ee isikuandmete vastutav t\u00f6\u00f6tleja on,Trigonord O\u00dc, registrikood 11125696, (edaspidi BeautyBe), telefon\u00a0 +372 55651514 ja e-post info@beautybe.ee (edaspidi \u201ckaupmees\u201d). MILLISEID ISIKUANDMEID T\u00d6\u00d6DELDAKSE nimi; kontaktinfo, nagu telefoninumber ja e-posti aadress; maksja ja kohaletoimetamise aadress; pangakonto number; kaupade ja teenuste maksumus ja maksetega seotud andmed (ostuajalugu); klienditoe andmed; muu kliendiuuringute ja\/v\u00f5i pakkumistega seotud [&hellip;]<\/p>\n","protected":false},"author":1,"featured_media":0,"parent":0,"menu_order":0,"comment_status":"closed","ping_status":"closed","template":"","meta":{"om_disable_all_campaigns":false,"_monsterinsights_skip_tracking":false,"_monsterinsights_sitenote_active":false,"_monsterinsights_sitenote_note":"","_monsterinsights_sitenote_category":0,"_themeisle_gutenberg_block_has_review":false,"footnotes":""},"class_list":["post-7895","page","type-page","status-publish","hentry"],"aioseo_notices":[],"_links":{"self":[{"href":"https:\/\/beautybe.ee\/eng\/wp-json\/wp\/v2\/pages\/7895","targetHints":{"allow":["GET"]}}],"collection":[{"href":"https:\/\/beautybe.ee\/eng\/wp-json\/wp\/v2\/pages"}],"about":[{"href":"https:\/\/beautybe.ee\/eng\/wp-json\/wp\/v2\/types\/page"}],"author":[{"embeddable":true,"href":"https:\/\/beautybe.ee\/eng\/wp-json\/wp\/v2\/users\/1"}],"replies":[{"embeddable":true,"href":"https:\/\/beautybe.ee\/eng\/wp-json\/wp\/v2\/comments?post=7895"}],"version-history":[{"count":5,"href":"https:\/\/beautybe.ee\/eng\/wp-json\/wp\/v2\/pages\/7895\/revisions"}],"predecessor-version":[{"id":7910,"href":"https:\/\/beautybe.ee\/eng\/wp-json\/wp\/v2\/pages\/7895\/revisions\/7910"}],"wp:attachment":[{"href":"https:\/\/beautybe.ee\/eng\/wp-json\/wp\/v2\/media?parent=7895"}],"curies":[{"name":"wp","href":"https:\/\/api.w.org\/{rel}","templated":true}]}}