{"id":7522,"date":"2023-04-18T13:48:46","date_gmt":"2023-04-18T13:48:46","guid":{"rendered":"https:\/\/beautybe.ee\/product\/uriage-thermal-water-2x300ml\/"},"modified":"2023-04-25T06:23:02","modified_gmt":"2023-04-25T06:23:02","slug":"uriage-thermal-water-2x300ml","status":"publish","type":"product","link":"https:\/\/beautybe.ee\/eng\/product\/uriage-thermal-water-2x300ml\/","title":{"rendered":"Uriage Eau Thermale Water 300ml"},"content":{"rendered":"<p>Uriage Thermal Water is unique due to its rich composition of minerals and trace elements, with mineralization similar to the fluids in the human body. Uriage Thermal Water is isotonic, meaning it preserves the integrity of skin cells when moisturizing. It provides a refreshing sensation, hydrates, soothes irritated skin, and protects against the harmful effects of free radicals. Suitable for babies, children, and adults<\/p>","protected":false},"excerpt":{"rendered":"<p>Uriage termaalne vesi on isotooniline, naha niisutamisel selle veega s\u00e4ilitatakse naharakkude terviklikkus. Annab v\u00e4rskustunde ning niisutab, rahustab \u00e4rritunud nahka, kaitseb vabade radikaalide kahjuliku toime eest. Imikutele, lastele, t\u00e4iskasvanutele.<\/p>","protected":false},"featured_media":7664,"comment_status":"open","ping_status":"closed","template":"","meta":{"om_disable_all_campaigns":false,"_monsterinsights_skip_tracking":false,"_monsterinsights_sitenote_active":false,"_monsterinsights_sitenote_note":"","_monsterinsights_sitenote_category":0,"_themeisle_gutenberg_block_has_review":false},"product_brand":[],"product_cat":[110,111],"product_tag":[130,131],"class_list":{"0":"post-7522","1":"product","2":"type-product","3":"status-publish","4":"has-post-thumbnail","6":"product_cat-naohooldus","7":"product_cat-puhastusvahendid","8":"product_tag-termaalne-vesi","9":"product_tag-uriage","11":"first","12":"instock","13":"taxable","14":"shipping-taxable","15":"purchasable","16":"product-type-simple"},"aioseo_notices":[],"_links":{"self":[{"href":"https:\/\/beautybe.ee\/eng\/wp-json\/wp\/v2\/product\/7522","targetHints":{"allow":["GET"]}}],"collection":[{"href":"https:\/\/beautybe.ee\/eng\/wp-json\/wp\/v2\/product"}],"about":[{"href":"https:\/\/beautybe.ee\/eng\/wp-json\/wp\/v2\/types\/product"}],"replies":[{"embeddable":true,"href":"https:\/\/beautybe.ee\/eng\/wp-json\/wp\/v2\/comments?post=7522"}],"version-history":[{"count":1,"href":"https:\/\/beautybe.ee\/eng\/wp-json\/wp\/v2\/product\/7522\/revisions"}],"predecessor-version":[{"id":7662,"href":"https:\/\/beautybe.ee\/eng\/wp-json\/wp\/v2\/product\/7522\/revisions\/7662"}],"wp:featuredmedia":[{"embeddable":true,"href":"https:\/\/beautybe.ee\/eng\/wp-json\/wp\/v2\/media\/7664"}],"wp:attachment":[{"href":"https:\/\/beautybe.ee\/eng\/wp-json\/wp\/v2\/media?parent=7522"}],"wp:term":[{"taxonomy":"product_brand","embeddable":true,"href":"https:\/\/beautybe.ee\/eng\/wp-json\/wp\/v2\/product_brand?post=7522"},{"taxonomy":"product_cat","embeddable":true,"href":"https:\/\/beautybe.ee\/eng\/wp-json\/wp\/v2\/product_cat?post=7522"},{"taxonomy":"product_tag","embeddable":true,"href":"https:\/\/beautybe.ee\/eng\/wp-json\/wp\/v2\/product_tag?post=7522"}],"curies":[{"name":"wp","href":"https:\/\/api.w.org\/{rel}","templated":true}]}}