{"id":7526,"date":"2023-04-18T13:48:46","date_gmt":"2023-04-18T13:48:46","guid":{"rendered":"https:\/\/beautybe.ee\/product\/mustela-hydra-baby-body-milk-300ml\/"},"modified":"2024-07-09T12:06:13","modified_gmt":"2024-07-09T12:06:13","slug":"mustela-hydra-baby-body-milk-300ml","status":"publish","type":"product","link":"https:\/\/beautybe.ee\/eng\/product\/mustela-hydra-baby-body-milk-300ml\/","title":{"rendered":"Mustela Hydra B\u00e9b\u00e9 Body Milk 300ml"},"content":{"rendered":"<p>Mustela Baby Hydra B\u00e9b\u00e9 Body Lotion 300ml is a light and liquid body lotion for babies and children, suitable for use from birth. Thanks to its specially developed formula containing the patented natural ingredient Avocado Perseose\u00ae, along with sunflower oil and plant glycerin, this deeply moisturizing cream helps strengthen the baby\u2019s delicate skin barrier, leaving the skin soft. The light and liquid texture absorbs quickly, improving the skin\u2019s moisture levels over time.<\/p>","protected":false},"excerpt":{"rendered":"<p>Hydra B\u00e9b\u00e9 niisutav kehapiim niisutab koheselt ja p\u00fcsivalt laste nahka. Avokaadopiim kaitseb ja tugevdab nahabarj\u00e4\u00e4ri. Seda saab kasutada iga p\u00e4ev alates s\u00fcnnist<\/p>","protected":false},"featured_media":7701,"comment_status":"open","ping_status":"closed","template":"","meta":{"om_disable_all_campaigns":false,"_monsterinsights_skip_tracking":false,"_monsterinsights_sitenote_active":false,"_monsterinsights_sitenote_note":"","_monsterinsights_sitenote_category":0,"_themeisle_gutenberg_block_has_review":false},"product_brand":[],"product_cat":[133,132],"product_tag":[125,134,135],"class_list":{"0":"post-7526","1":"product","2":"type-product","3":"status-publish","4":"has-post-thumbnail","6":"product_cat-ihupiimad-ja-kreemid-lastele","7":"product_cat-lastele","8":"product_tag-ihupiim","9":"product_tag-lastele","10":"product_tag-mustela","11":"new","13":"first","14":"instock","15":"taxable","16":"shipping-taxable","17":"purchasable","18":"product-type-simple"},"aioseo_notices":[],"_links":{"self":[{"href":"https:\/\/beautybe.ee\/eng\/wp-json\/wp\/v2\/product\/7526","targetHints":{"allow":["GET"]}}],"collection":[{"href":"https:\/\/beautybe.ee\/eng\/wp-json\/wp\/v2\/product"}],"about":[{"href":"https:\/\/beautybe.ee\/eng\/wp-json\/wp\/v2\/types\/product"}],"replies":[{"embeddable":true,"href":"https:\/\/beautybe.ee\/eng\/wp-json\/wp\/v2\/comments?post=7526"}],"version-history":[{"count":2,"href":"https:\/\/beautybe.ee\/eng\/wp-json\/wp\/v2\/product\/7526\/revisions"}],"predecessor-version":[{"id":10508,"href":"https:\/\/beautybe.ee\/eng\/wp-json\/wp\/v2\/product\/7526\/revisions\/10508"}],"wp:featuredmedia":[{"embeddable":true,"href":"https:\/\/beautybe.ee\/eng\/wp-json\/wp\/v2\/media\/7701"}],"wp:attachment":[{"href":"https:\/\/beautybe.ee\/eng\/wp-json\/wp\/v2\/media?parent=7526"}],"wp:term":[{"taxonomy":"product_brand","embeddable":true,"href":"https:\/\/beautybe.ee\/eng\/wp-json\/wp\/v2\/product_brand?post=7526"},{"taxonomy":"product_cat","embeddable":true,"href":"https:\/\/beautybe.ee\/eng\/wp-json\/wp\/v2\/product_cat?post=7526"},{"taxonomy":"product_tag","embeddable":true,"href":"https:\/\/beautybe.ee\/eng\/wp-json\/wp\/v2\/product_tag?post=7526"}],"curies":[{"name":"wp","href":"https:\/\/api.w.org\/{rel}","templated":true}]}}