{"id":7667,"date":"2023-04-23T09:58:12","date_gmt":"2023-04-23T09:58:12","guid":{"rendered":"https:\/\/beautybe.ee\/?post_type=product&#038;p=7667"},"modified":"2024-11-09T07:31:04","modified_gmt":"2024-11-09T07:31:04","slug":"vichy-clinical-control-96h-detranspirant-anti-odor-50ml","status":"publish","type":"product","link":"https:\/\/beautybe.ee\/eng\/product\/vichy-clinical-control-96h-detranspirant-anti-odor-50ml\/","title":{"rendered":"Vichy Clinical Control 96h Detranspirant Anti-Odor 50ml"},"content":{"rendered":"<p>Vichy Clinical Control 96h Roll-On Deodorant provides an immediate fresh feeling, regulates excessive sweating, and fights odor for up to 96 hours. For women who want a long-lasting deodorant and antiperspirant effect in any situation. Alcohol-free.<\/p>","protected":false},"excerpt":{"rendered":"<p>Vichy Clinical Control 96h rulldeodorant annab kohese v\u00e4rske tunde, reguleerib liigset higistamist ja v\u00f5itleb halva l\u00f5hnaga kuni 96 tundi.<\/p>","protected":false},"featured_media":7668,"comment_status":"open","ping_status":"closed","template":"","meta":{"om_disable_all_campaigns":false,"_monsterinsights_skip_tracking":false,"_monsterinsights_sitenote_active":false,"_monsterinsights_sitenote_note":"","_monsterinsights_sitenote_category":0,"_themeisle_gutenberg_block_has_review":false},"product_brand":[],"product_cat":[123,120],"product_tag":[124,129,659],"class_list":{"0":"post-7667","1":"product","2":"type-product","3":"status-publish","4":"has-post-thumbnail","6":"product_cat-deodorandid","7":"product_cat-kehahooldus","8":"product_tag-deodorant","9":"product_tag-vichy","10":"product_tag-wildsale","12":"first","13":"instock","14":"sale","15":"taxable","16":"shipping-taxable","17":"purchasable","18":"product-type-simple"},"aioseo_notices":[],"_links":{"self":[{"href":"https:\/\/beautybe.ee\/eng\/wp-json\/wp\/v2\/product\/7667","targetHints":{"allow":["GET"]}}],"collection":[{"href":"https:\/\/beautybe.ee\/eng\/wp-json\/wp\/v2\/product"}],"about":[{"href":"https:\/\/beautybe.ee\/eng\/wp-json\/wp\/v2\/types\/product"}],"replies":[{"embeddable":true,"href":"https:\/\/beautybe.ee\/eng\/wp-json\/wp\/v2\/comments?post=7667"}],"version-history":[{"count":1,"href":"https:\/\/beautybe.ee\/eng\/wp-json\/wp\/v2\/product\/7667\/revisions"}],"predecessor-version":[{"id":10457,"href":"https:\/\/beautybe.ee\/eng\/wp-json\/wp\/v2\/product\/7667\/revisions\/10457"}],"wp:featuredmedia":[{"embeddable":true,"href":"https:\/\/beautybe.ee\/eng\/wp-json\/wp\/v2\/media\/7668"}],"wp:attachment":[{"href":"https:\/\/beautybe.ee\/eng\/wp-json\/wp\/v2\/media?parent=7667"}],"wp:term":[{"taxonomy":"product_brand","embeddable":true,"href":"https:\/\/beautybe.ee\/eng\/wp-json\/wp\/v2\/product_brand?post=7667"},{"taxonomy":"product_cat","embeddable":true,"href":"https:\/\/beautybe.ee\/eng\/wp-json\/wp\/v2\/product_cat?post=7667"},{"taxonomy":"product_tag","embeddable":true,"href":"https:\/\/beautybe.ee\/eng\/wp-json\/wp\/v2\/product_tag?post=7667"}],"curies":[{"name":"wp","href":"https:\/\/api.w.org\/{rel}","templated":true}]}}