{"id":7754,"date":"2023-04-26T16:37:29","date_gmt":"2023-04-26T16:37:29","guid":{"rendered":"https:\/\/beautybe.ee\/?post_type=product&#038;p=7754"},"modified":"2024-11-09T06:49:34","modified_gmt":"2024-11-09T06:49:34","slug":"redumodel-hi-antiage-retexturizing-renewing-serum-30ml","status":"publish","type":"product","link":"https:\/\/beautybe.ee\/eng\/product\/redumodel-hi-antiage-retexturizing-renewing-serum-30ml\/","title":{"rendered":"Redumodel Hi Antiage Retexturizing Renewing Serum 30ml"},"content":{"rendered":"<p>The restorative night serum Hi Antiage Redumodel is the perfect ally to stimulate proper skin regeneration, restoring its youthful and healthy appearance. With a dual exfoliating effect, the serum reduces fine lines and improves the appearance of imperfections, evening out skin texture and tone. Additionally, it hydrates and soothes the skin.<\/p>","protected":false},"excerpt":{"rendered":"<p>Taastav \u00f6\u00f6seerum on ideaalne liitlane, et stimuleerida naha \u00f5iget taastumist.<\/p>","protected":false},"featured_media":7708,"comment_status":"open","ping_status":"closed","template":"","meta":{"om_disable_all_campaigns":false,"_monsterinsights_skip_tracking":false,"_monsterinsights_sitenote_active":false,"_monsterinsights_sitenote_note":"","_monsterinsights_sitenote_category":0,"_themeisle_gutenberg_block_has_review":false},"product_brand":[],"product_cat":[176,173,110,114,658],"product_tag":[118,150,657],"class_list":{"0":"post-7754","1":"product","2":"type-product","3":"status-publish","4":"has-post-thumbnail","6":"product_cat-anti-age","7":"product_cat-kuiv-ja-tundlik","8":"product_cat-naohooldus","9":"product_cat-seerumid","10":"product_cat-sale","11":"product_tag-naoseerumid","12":"product_tag-redumodel","13":"product_tag-sale","15":"first","16":"instock","17":"sale","18":"taxable","19":"shipping-taxable","20":"purchasable","21":"product-type-simple"},"aioseo_notices":[],"_links":{"self":[{"href":"https:\/\/beautybe.ee\/eng\/wp-json\/wp\/v2\/product\/7754","targetHints":{"allow":["GET"]}}],"collection":[{"href":"https:\/\/beautybe.ee\/eng\/wp-json\/wp\/v2\/product"}],"about":[{"href":"https:\/\/beautybe.ee\/eng\/wp-json\/wp\/v2\/types\/product"}],"replies":[{"embeddable":true,"href":"https:\/\/beautybe.ee\/eng\/wp-json\/wp\/v2\/comments?post=7754"}],"version-history":[{"count":1,"href":"https:\/\/beautybe.ee\/eng\/wp-json\/wp\/v2\/product\/7754\/revisions"}],"predecessor-version":[{"id":9898,"href":"https:\/\/beautybe.ee\/eng\/wp-json\/wp\/v2\/product\/7754\/revisions\/9898"}],"wp:featuredmedia":[{"embeddable":true,"href":"https:\/\/beautybe.ee\/eng\/wp-json\/wp\/v2\/media\/7708"}],"wp:attachment":[{"href":"https:\/\/beautybe.ee\/eng\/wp-json\/wp\/v2\/media?parent=7754"}],"wp:term":[{"taxonomy":"product_brand","embeddable":true,"href":"https:\/\/beautybe.ee\/eng\/wp-json\/wp\/v2\/product_brand?post=7754"},{"taxonomy":"product_cat","embeddable":true,"href":"https:\/\/beautybe.ee\/eng\/wp-json\/wp\/v2\/product_cat?post=7754"},{"taxonomy":"product_tag","embeddable":true,"href":"https:\/\/beautybe.ee\/eng\/wp-json\/wp\/v2\/product_tag?post=7754"}],"curies":[{"name":"wp","href":"https:\/\/api.w.org\/{rel}","templated":true}]}}