{"id":7755,"date":"2023-04-26T16:48:51","date_gmt":"2023-04-26T16:48:51","guid":{"rendered":"https:\/\/beautybe.ee\/?post_type=product&#038;p=7755"},"modified":"2024-11-09T06:48:12","modified_gmt":"2024-11-09T06:48:12","slug":"redumodel-hi-antiage-multivitamin-antioxidant-serum-30ml","status":"publish","type":"product","link":"https:\/\/beautybe.ee\/eng\/product\/redumodel-hi-antiage-multivitamin-antioxidant-serum-30ml\/","title":{"rendered":"Redumodel Hi Antiage Multivitamin Antioxidant Serum 30ml"},"content":{"rendered":"<p>Multivitamiini antioks\u00fcdantne seerum on spetsiaalselt loodud kaitsma fotovananemist k\u00f5ikidele nahat\u00fc\u00fcpidele.<br \/>\nThe multivitamin antioxidant serum is specifically designed to protect against photoaging for all skin types. This fast-absorbing serum is formulated for synergy and is based on vitamins C, E, and B5, which have a free radical-neutralizing antioxidant effect, preventing signs of photoaging and the loss of elasticity and firmness. The serum's lycopene oil content provides a radiant and moisturizing finish while improving the skin's appearance.<\/p>","protected":false},"excerpt":{"rendered":"<p>Multivitamiini antioks\u00fcdantne seerum on spetsiaalselt loodud kaitsma fotovananemist<\/p>","protected":false},"featured_media":7707,"comment_status":"open","ping_status":"closed","template":"","meta":{"om_disable_all_campaigns":false,"_monsterinsights_skip_tracking":false,"_monsterinsights_sitenote_active":false,"_monsterinsights_sitenote_note":"","_monsterinsights_sitenote_category":0,"_themeisle_gutenberg_block_has_review":false},"product_brand":[],"product_cat":[176,110,114,658],"product_tag":[118,150,657],"class_list":{"0":"post-7755","1":"product","2":"type-product","3":"status-publish","4":"has-post-thumbnail","6":"product_cat-anti-age","7":"product_cat-naohooldus","8":"product_cat-seerumid","9":"product_cat-sale","10":"product_tag-naoseerumid","11":"product_tag-redumodel","12":"product_tag-sale","14":"first","15":"instock","16":"sale","17":"taxable","18":"shipping-taxable","19":"purchasable","20":"product-type-simple"},"aioseo_notices":[],"_links":{"self":[{"href":"https:\/\/beautybe.ee\/eng\/wp-json\/wp\/v2\/product\/7755","targetHints":{"allow":["GET"]}}],"collection":[{"href":"https:\/\/beautybe.ee\/eng\/wp-json\/wp\/v2\/product"}],"about":[{"href":"https:\/\/beautybe.ee\/eng\/wp-json\/wp\/v2\/types\/product"}],"replies":[{"embeddable":true,"href":"https:\/\/beautybe.ee\/eng\/wp-json\/wp\/v2\/comments?post=7755"}],"version-history":[{"count":1,"href":"https:\/\/beautybe.ee\/eng\/wp-json\/wp\/v2\/product\/7755\/revisions"}],"predecessor-version":[{"id":9897,"href":"https:\/\/beautybe.ee\/eng\/wp-json\/wp\/v2\/product\/7755\/revisions\/9897"}],"wp:featuredmedia":[{"embeddable":true,"href":"https:\/\/beautybe.ee\/eng\/wp-json\/wp\/v2\/media\/7707"}],"wp:attachment":[{"href":"https:\/\/beautybe.ee\/eng\/wp-json\/wp\/v2\/media?parent=7755"}],"wp:term":[{"taxonomy":"product_brand","embeddable":true,"href":"https:\/\/beautybe.ee\/eng\/wp-json\/wp\/v2\/product_brand?post=7755"},{"taxonomy":"product_cat","embeddable":true,"href":"https:\/\/beautybe.ee\/eng\/wp-json\/wp\/v2\/product_cat?post=7755"},{"taxonomy":"product_tag","embeddable":true,"href":"https:\/\/beautybe.ee\/eng\/wp-json\/wp\/v2\/product_tag?post=7755"}],"curies":[{"name":"wp","href":"https:\/\/api.w.org\/{rel}","templated":true}]}}