{"id":7757,"date":"2023-04-26T17:01:22","date_gmt":"2023-04-26T17:01:22","guid":{"rendered":"https:\/\/beautybe.ee\/?post_type=product&#038;p=7757"},"modified":"2024-07-09T11:54:15","modified_gmt":"2024-07-09T11:54:15","slug":"sesderma-pack-dryses-deodorant-antiperspirant-roll-on-for-men-2x75ml","status":"publish","type":"product","link":"https:\/\/beautybe.ee\/eng\/product\/sesderma-pack-dryses-deodorant-antiperspirant-roll-on-for-men-2x75ml\/","title":{"rendered":"Sesderma Pack Dryses Deodorant Antiperspirant Roll On For Men 2x75ml"},"content":{"rendered":"<p>Sesderma Dryses Men Deodorant reduces sweating, eliminates odor, and refreshes the underarm area for up to 24 hours. This product has a triple action, functioning as an antiperspirant, deodorant, and providing a long-lasting cooling effect throughout the day. The roll-on antiperspirant is highly tolerable, does not tend to cause skin irritation, and can be used after shaving.<\/p>","protected":false},"excerpt":{"rendered":"<p>Sesderma Dryses Men Deodorant v\u00e4hendab higistamist, k\u00f5rvaldab l\u00f5hna ja v\u00e4rskendab kaenlaaluste piirkonda kuni 24 tunniks.<\/p>","protected":false},"featured_media":7713,"comment_status":"open","ping_status":"closed","template":"","meta":{"om_disable_all_campaigns":false,"_monsterinsights_skip_tracking":false,"_monsterinsights_sitenote_active":false,"_monsterinsights_sitenote_note":"","_monsterinsights_sitenote_category":0,"_themeisle_gutenberg_block_has_review":false},"product_brand":[],"product_cat":[159,154],"product_tag":[153,152],"class_list":{"0":"post-7757","1":"product","2":"type-product","3":"status-publish","4":"has-post-thumbnail","6":"product_cat-deodorandid-meestele","7":"product_cat-meestele","8":"product_tag-deodorant-meestele","9":"product_tag-sesderma","11":"first","12":"instock","13":"taxable","14":"shipping-taxable","15":"purchasable","16":"product-type-simple"},"aioseo_notices":[],"_links":{"self":[{"href":"https:\/\/beautybe.ee\/eng\/wp-json\/wp\/v2\/product\/7757","targetHints":{"allow":["GET"]}}],"collection":[{"href":"https:\/\/beautybe.ee\/eng\/wp-json\/wp\/v2\/product"}],"about":[{"href":"https:\/\/beautybe.ee\/eng\/wp-json\/wp\/v2\/types\/product"}],"replies":[{"embeddable":true,"href":"https:\/\/beautybe.ee\/eng\/wp-json\/wp\/v2\/comments?post=7757"}],"version-history":[{"count":1,"href":"https:\/\/beautybe.ee\/eng\/wp-json\/wp\/v2\/product\/7757\/revisions"}],"predecessor-version":[{"id":10504,"href":"https:\/\/beautybe.ee\/eng\/wp-json\/wp\/v2\/product\/7757\/revisions\/10504"}],"wp:featuredmedia":[{"embeddable":true,"href":"https:\/\/beautybe.ee\/eng\/wp-json\/wp\/v2\/media\/7713"}],"wp:attachment":[{"href":"https:\/\/beautybe.ee\/eng\/wp-json\/wp\/v2\/media?parent=7757"}],"wp:term":[{"taxonomy":"product_brand","embeddable":true,"href":"https:\/\/beautybe.ee\/eng\/wp-json\/wp\/v2\/product_brand?post=7757"},{"taxonomy":"product_cat","embeddable":true,"href":"https:\/\/beautybe.ee\/eng\/wp-json\/wp\/v2\/product_cat?post=7757"},{"taxonomy":"product_tag","embeddable":true,"href":"https:\/\/beautybe.ee\/eng\/wp-json\/wp\/v2\/product_tag?post=7757"}],"curies":[{"name":"wp","href":"https:\/\/api.w.org\/{rel}","templated":true}]}}