{"id":7853,"date":"2023-05-07T19:41:51","date_gmt":"2023-05-07T19:41:51","guid":{"rendered":"https:\/\/beautybe.ee\/?post_type=product&#038;p=7853"},"modified":"2024-11-08T21:56:55","modified_gmt":"2024-11-08T21:56:55","slug":"missha-time-revolution-night-repair-probio-ampoule-50ml","status":"publish","type":"product","link":"https:\/\/beautybe.ee\/eng\/product\/missha-time-revolution-night-repair-probio-ampoule-50ml\/","title":{"rendered":"Missha Time Revolution Night Repair Probio Ampoule 50ml"},"content":{"rendered":"<p>Time Revolution Night Repair Ampoule 5X is the fifth-generation leading probiotic overnight treatment from the Missha brand. This nourishing serum is infused with 77.2% Extreme Biome, formulated with 10 different probiotics for fast action. It helps strengthen and firm the skin, improves elasticity and radiance, lifts, hydrates, and brightens the skin overnight. The ingredients are fermented using Missha's EXTREME FERMENT \u03b1\u2122 method, a unique three-step fermentation process that delivers an intense and stable boost of active ingredients to the skin. Clinically proven to improve tired skin after just 10 hours of use.<\/p>","protected":false},"excerpt":{"rendered":"<p>Time Revolution Night Repair Ampoule 5X on probiootiline \u00fcle\u00f6\u00f6ravi.<\/p>","protected":false},"featured_media":7854,"comment_status":"open","ping_status":"closed","template":"","meta":{"om_disable_all_campaigns":false,"_monsterinsights_skip_tracking":false,"_monsterinsights_sitenote_active":false,"_monsterinsights_sitenote_note":"","_monsterinsights_sitenote_category":0,"_themeisle_gutenberg_block_has_review":false},"product_brand":[],"product_cat":[162,110,114,658],"product_tag":[198,118,657],"class_list":{"0":"post-7853","1":"product","2":"type-product","3":"status-publish","4":"has-post-thumbnail","6":"product_cat-korea-kosmeetika","7":"product_cat-naohooldus","8":"product_cat-seerumid","9":"product_cat-sale","10":"product_tag-missha","11":"product_tag-naoseerumid","12":"product_tag-sale","14":"first","15":"instock","16":"sale","17":"taxable","18":"shipping-taxable","19":"purchasable","20":"product-type-simple"},"aioseo_notices":[],"_links":{"self":[{"href":"https:\/\/beautybe.ee\/eng\/wp-json\/wp\/v2\/product\/7853","targetHints":{"allow":["GET"]}}],"collection":[{"href":"https:\/\/beautybe.ee\/eng\/wp-json\/wp\/v2\/product"}],"about":[{"href":"https:\/\/beautybe.ee\/eng\/wp-json\/wp\/v2\/types\/product"}],"replies":[{"embeddable":true,"href":"https:\/\/beautybe.ee\/eng\/wp-json\/wp\/v2\/comments?post=7853"}],"version-history":[{"count":1,"href":"https:\/\/beautybe.ee\/eng\/wp-json\/wp\/v2\/product\/7853\/revisions"}],"predecessor-version":[{"id":10502,"href":"https:\/\/beautybe.ee\/eng\/wp-json\/wp\/v2\/product\/7853\/revisions\/10502"}],"wp:featuredmedia":[{"embeddable":true,"href":"https:\/\/beautybe.ee\/eng\/wp-json\/wp\/v2\/media\/7854"}],"wp:attachment":[{"href":"https:\/\/beautybe.ee\/eng\/wp-json\/wp\/v2\/media?parent=7853"}],"wp:term":[{"taxonomy":"product_brand","embeddable":true,"href":"https:\/\/beautybe.ee\/eng\/wp-json\/wp\/v2\/product_brand?post=7853"},{"taxonomy":"product_cat","embeddable":true,"href":"https:\/\/beautybe.ee\/eng\/wp-json\/wp\/v2\/product_cat?post=7853"},{"taxonomy":"product_tag","embeddable":true,"href":"https:\/\/beautybe.ee\/eng\/wp-json\/wp\/v2\/product_tag?post=7853"}],"curies":[{"name":"wp","href":"https:\/\/api.w.org\/{rel}","templated":true}]}}