{"id":7979,"date":"2023-05-09T20:36:39","date_gmt":"2023-05-09T20:36:39","guid":{"rendered":"https:\/\/beautybe.ee\/?post_type=product&#038;p=7979"},"modified":"2024-07-09T11:58:21","modified_gmt":"2024-07-09T11:58:21","slug":"cerave-sa-anti-rough-cleaner-236ml","status":"publish","type":"product","link":"https:\/\/beautybe.ee\/eng\/product\/cerave-sa-anti-rough-cleaner-236ml\/","title":{"rendered":"CeraVe SA Anti-Rough Cleaner 236ml"},"content":{"rendered":"<p>Beautiful skin starts with proper makeup removal. CeraVe SA Smoothing Cleanser has a gentle exfoliating effect and forms a delicate foam that removes all dirt, excess oil, and dead skin cells. It contains salicylic acid and ingredients that restore the skin's barrier, help lock moisture into the skin, and soften it.<br \/>\nSelle koostises on salits\u00fc\u00fclhape ja ained, mis taastavad naha kaitsebarj\u00e4\u00e4ri, aitavad lukustada niiskuse nahka ja pehmendavad seda.<\/p>","protected":false},"excerpt":{"rendered":"<p>Cleansing and smoothing emulsion for normal and dry skin.<\/p>","protected":false},"featured_media":7980,"comment_status":"open","ping_status":"closed","template":"","meta":{"om_disable_all_campaigns":false,"_monsterinsights_skip_tracking":false,"_monsterinsights_sitenote_active":false,"_monsterinsights_sitenote_note":"","_monsterinsights_sitenote_category":0,"_themeisle_gutenberg_block_has_review":false},"product_brand":[],"product_cat":[110,111],"product_tag":[127,136],"class_list":{"0":"post-7979","1":"product","2":"type-product","3":"status-publish","4":"has-post-thumbnail","6":"product_cat-naohooldus","7":"product_cat-puhastusvahendid","8":"product_tag-cerave","9":"product_tag-puhastusvahendid","11":"first","12":"instock","13":"taxable","14":"shipping-taxable","15":"purchasable","16":"product-type-simple"},"aioseo_notices":[],"_links":{"self":[{"href":"https:\/\/beautybe.ee\/eng\/wp-json\/wp\/v2\/product\/7979","targetHints":{"allow":["GET"]}}],"collection":[{"href":"https:\/\/beautybe.ee\/eng\/wp-json\/wp\/v2\/product"}],"about":[{"href":"https:\/\/beautybe.ee\/eng\/wp-json\/wp\/v2\/types\/product"}],"replies":[{"embeddable":true,"href":"https:\/\/beautybe.ee\/eng\/wp-json\/wp\/v2\/comments?post=7979"}],"version-history":[{"count":1,"href":"https:\/\/beautybe.ee\/eng\/wp-json\/wp\/v2\/product\/7979\/revisions"}],"predecessor-version":[{"id":10394,"href":"https:\/\/beautybe.ee\/eng\/wp-json\/wp\/v2\/product\/7979\/revisions\/10394"}],"wp:featuredmedia":[{"embeddable":true,"href":"https:\/\/beautybe.ee\/eng\/wp-json\/wp\/v2\/media\/7980"}],"wp:attachment":[{"href":"https:\/\/beautybe.ee\/eng\/wp-json\/wp\/v2\/media?parent=7979"}],"wp:term":[{"taxonomy":"product_brand","embeddable":true,"href":"https:\/\/beautybe.ee\/eng\/wp-json\/wp\/v2\/product_brand?post=7979"},{"taxonomy":"product_cat","embeddable":true,"href":"https:\/\/beautybe.ee\/eng\/wp-json\/wp\/v2\/product_cat?post=7979"},{"taxonomy":"product_tag","embeddable":true,"href":"https:\/\/beautybe.ee\/eng\/wp-json\/wp\/v2\/product_tag?post=7979"}],"curies":[{"name":"wp","href":"https:\/\/api.w.org\/{rel}","templated":true}]}}