{"id":8015,"date":"2023-05-11T06:49:36","date_gmt":"2023-05-11T06:49:36","guid":{"rendered":"https:\/\/beautybe.ee\/?post_type=product&#038;p=8015"},"modified":"2024-05-22T08:41:17","modified_gmt":"2024-05-22T08:41:17","slug":"lancaster-sun-control-anti-wrinkles-and-dark-spots-sun-sensitive-skin-fluid-spf50-30ml","status":"publish","type":"product","link":"https:\/\/beautybe.ee\/eng\/product\/lancaster-sun-control-anti-wrinkles-and-dark-spots-sun-sensitive-skin-fluid-spf50-30ml\/","title":{"rendered":"Lancaster Sun Control Anti-Wrinkles and Dark Spots Sun Sensitive Skin Fluid Spf50 30ml"},"content":{"rendered":"<p>Lancasteri \u00fclikerge, niisutav ja mitterasvane Sensitive Skin Fluid SPF 50 annab ka k\u00f5ige n\u00f5udlikumale nahale k\u00f5ige p\u00f5hjalikuma p\u00e4ikesekaitse: eksklusiivne Full Light Technology sihib 100% p\u00e4ikesevalguse spektrit [UVB + UVA + VISIBLE LIGHT + INFRAPUN] ja annab loomuliku ja \u00fchtlase p\u00e4evitust. Sensitive Skin Fluid \u00fchendab Lancasteri k\u00f5ige p\u00f5hjalikuma p\u00e4ikesekaitse k\u00f5ige t\u00f5husamate vananemisvastaste tehnoloogiatega. V\u00f5itleb k\u00f5igi vananemism\u00e4rkidega: pigmentatsioon, kortsud, tundlikkus ja eba\u00fchtlane jume.<\/p>\n","protected":false},"excerpt":{"rendered":"<p>V\u00f5itleb k\u00f5igi vananemism\u00e4rkidega: pigmentatsioon, kortsud, tundlikkus ja eba\u00fchtlane jume.<\/p>","protected":false},"featured_media":8097,"comment_status":"open","ping_status":"closed","template":"","meta":{"om_disable_all_campaigns":false,"_monsterinsights_skip_tracking":false,"_monsterinsights_sitenote_active":false,"_monsterinsights_sitenote_note":"","_monsterinsights_sitenote_category":0,"_themeisle_gutenberg_block_has_review":false},"product_brand":[],"product_cat":[110,148],"product_tag":[233,232],"class_list":{"0":"post-8015","1":"product","2":"type-product","3":"status-publish","4":"has-post-thumbnail","6":"product_cat-naohooldus","7":"product_cat-paikesetooted","8":"product_tag-lancaster","9":"product_tag-paikesetooted","11":"first","12":"instock","13":"taxable","14":"shipping-taxable","15":"purchasable","16":"product-type-simple"},"aioseo_notices":[],"_links":{"self":[{"href":"https:\/\/beautybe.ee\/eng\/wp-json\/wp\/v2\/product\/8015","targetHints":{"allow":["GET"]}}],"collection":[{"href":"https:\/\/beautybe.ee\/eng\/wp-json\/wp\/v2\/product"}],"about":[{"href":"https:\/\/beautybe.ee\/eng\/wp-json\/wp\/v2\/types\/product"}],"replies":[{"embeddable":true,"href":"https:\/\/beautybe.ee\/eng\/wp-json\/wp\/v2\/comments?post=8015"}],"version-history":[{"count":1,"href":"https:\/\/beautybe.ee\/eng\/wp-json\/wp\/v2\/product\/8015\/revisions"}],"predecessor-version":[{"id":10390,"href":"https:\/\/beautybe.ee\/eng\/wp-json\/wp\/v2\/product\/8015\/revisions\/10390"}],"wp:featuredmedia":[{"embeddable":true,"href":"https:\/\/beautybe.ee\/eng\/wp-json\/wp\/v2\/media\/8097"}],"wp:attachment":[{"href":"https:\/\/beautybe.ee\/eng\/wp-json\/wp\/v2\/media?parent=8015"}],"wp:term":[{"taxonomy":"product_brand","embeddable":true,"href":"https:\/\/beautybe.ee\/eng\/wp-json\/wp\/v2\/product_brand?post=8015"},{"taxonomy":"product_cat","embeddable":true,"href":"https:\/\/beautybe.ee\/eng\/wp-json\/wp\/v2\/product_cat?post=8015"},{"taxonomy":"product_tag","embeddable":true,"href":"https:\/\/beautybe.ee\/eng\/wp-json\/wp\/v2\/product_tag?post=8015"}],"curies":[{"name":"wp","href":"https:\/\/api.w.org\/{rel}","templated":true}]}}