{"id":8019,"date":"2023-05-11T07:20:21","date_gmt":"2023-05-11T07:20:21","guid":{"rendered":"https:\/\/beautybe.ee\/?post_type=product&#038;p=8019"},"modified":"2024-05-22T08:40:30","modified_gmt":"2024-05-22T08:40:30","slug":"vichy-ideal-soleil-velvety-dace-cream-spf50-50ml","status":"publish","type":"product","link":"https:\/\/beautybe.ee\/eng\/product\/vichy-ideal-soleil-velvety-dace-cream-spf50-50ml\/","title":{"rendered":"Vichy Id\u00e9al Soleil Velvety Face Cream Spf50 50ml"},"content":{"rendered":"<p>The velvety-textured Vichy Capital Id\u00e9al Soleil Velvety Sunscreen deeply hydrates, evens out skin tone, smooths fine lines, and provides a soft, silky finish. The UVA and UVB sun protection filters, combined with the Meroxyl SX and XL filtering system, ensure complete UVA and UVB protection and help prevent premature aging caused by sun exposure. Ideal for dry and normal skin care.<\/p>","protected":false},"excerpt":{"rendered":"<p>Kaitseb ja aitab \u00e4ra hoida p\u00e4ikesest p\u00f5hjustatud naha enneaegse vananemise.<\/p>","protected":false},"featured_media":8100,"comment_status":"open","ping_status":"closed","template":"","meta":{"om_disable_all_campaigns":false,"_monsterinsights_skip_tracking":false,"_monsterinsights_sitenote_active":false,"_monsterinsights_sitenote_note":"","_monsterinsights_sitenote_category":0,"_themeisle_gutenberg_block_has_review":false},"product_brand":[],"product_cat":[110,148],"product_tag":[145,232,129],"class_list":{"0":"post-8019","1":"product","2":"type-product","3":"status-publish","4":"has-post-thumbnail","6":"product_cat-naohooldus","7":"product_cat-paikesetooted","8":"product_tag-anti-age","9":"product_tag-paikesetooted","10":"product_tag-vichy","12":"first","13":"instock","14":"taxable","15":"shipping-taxable","16":"purchasable","17":"product-type-simple"},"aioseo_notices":[],"_links":{"self":[{"href":"https:\/\/beautybe.ee\/eng\/wp-json\/wp\/v2\/product\/8019","targetHints":{"allow":["GET"]}}],"collection":[{"href":"https:\/\/beautybe.ee\/eng\/wp-json\/wp\/v2\/product"}],"about":[{"href":"https:\/\/beautybe.ee\/eng\/wp-json\/wp\/v2\/types\/product"}],"replies":[{"embeddable":true,"href":"https:\/\/beautybe.ee\/eng\/wp-json\/wp\/v2\/comments?post=8019"}],"version-history":[{"count":1,"href":"https:\/\/beautybe.ee\/eng\/wp-json\/wp\/v2\/product\/8019\/revisions"}],"predecessor-version":[{"id":9860,"href":"https:\/\/beautybe.ee\/eng\/wp-json\/wp\/v2\/product\/8019\/revisions\/9860"}],"wp:featuredmedia":[{"embeddable":true,"href":"https:\/\/beautybe.ee\/eng\/wp-json\/wp\/v2\/media\/8100"}],"wp:attachment":[{"href":"https:\/\/beautybe.ee\/eng\/wp-json\/wp\/v2\/media?parent=8019"}],"wp:term":[{"taxonomy":"product_brand","embeddable":true,"href":"https:\/\/beautybe.ee\/eng\/wp-json\/wp\/v2\/product_brand?post=8019"},{"taxonomy":"product_cat","embeddable":true,"href":"https:\/\/beautybe.ee\/eng\/wp-json\/wp\/v2\/product_cat?post=8019"},{"taxonomy":"product_tag","embeddable":true,"href":"https:\/\/beautybe.ee\/eng\/wp-json\/wp\/v2\/product_tag?post=8019"}],"curies":[{"name":"wp","href":"https:\/\/api.w.org\/{rel}","templated":true}]}}