{"id":8435,"date":"2023-06-15T18:09:22","date_gmt":"2023-06-15T18:09:22","guid":{"rendered":"https:\/\/beautybe.ee\/?post_type=product&#038;p=8435"},"modified":"2025-08-05T10:49:46","modified_gmt":"2025-08-05T10:49:46","slug":"a313-pommade-vitamine-a-50ml","status":"publish","type":"product","link":"https:\/\/beautybe.ee\/eng\/product\/a313-pommade-vitamine-a-50ml\/","title":{"rendered":"A313 Pommade Vitamine A 50ml"},"content":{"rendered":"<p><span style=\"font-family: arial, helvetica, sans-serif; font-size: 15px;\">A vitamin A-based medication is indicated for the adjunctive treatment of irritant dermatitis. Irritant contact dermatitis is more common and is caused by various skin-irritating and inflammatory substances. The rash can be treated topically, especially with the use of a skin ointment. Vitamin A was first isolated from the retina, where it got its name \"retinol.\"<\/span><\/p>\n<p>&nbsp;<\/p>\n<p><span style=\"font-family: arial, helvetica, sans-serif; font-size: 15px;\">Ingredients:<\/span><\/p>\n<p><span style=\"font-family: arial, helvetica, sans-serif; font-size: 15px;\">Synthetic vitamin A (concentrate) \u2013 oily form 200,000 IU per 100 g of ointment. Excipients: macrogol 400, macrogol 4000, polysorbate 80. Other names for vitamin A: retinol, retina, retinyl acetate, retinyl palmitate, retinyl phosphate.<\/span><\/p>\n<p>&nbsp;<\/p>\n<p><span style=\"font-family: arial, helvetica, sans-serif; font-size: 15px;\">A313 should not be used:\nDo not use A313 if you have a history of hypersensitivity to any component, infected dermatoses, or exuding dermatoses. Vitamin A is found in many medications, some of which are available for self-medication: avoid combining them with A313, as vitamin A overdose can cause serious side effects. Risk of A-hypervitaminosis: A313 should not be applied to large areas of skin, severely damaged skin (burned skin, open wounds), mucous membranes, premature infants, infants, or during prolonged treatment.<\/span><\/p>\n<ul>\n<li><span style=\"font-family: arial, helvetica, sans-serif; font-size: 15px;\">\u00c4rge kasutage A313 \u00a0kui teil on anamneesis \u00fclitundlikkus \u00fche komponendi suhtes, nakatunud dermatoosid, v\u00e4ljaheidetud dermatoosid.<\/span><\/li>\n<li><span style=\"font-family: arial, helvetica, sans-serif; font-size: 15px;\">A-vitamiini leidub paljudes ravimites, millest m\u00f5ned on saadaval iseravimiseks: v\u00e4ltige nende kombineerimist A313-ga, kuna A-vitamiini \u00fcleannustamine v\u00f5ib p\u00f5hjustada t\u00f5siseid k\u00f5rvaltoimeid.<\/span><\/li>\n<li><span style=\"font-family: arial, helvetica, sans-serif; font-size: 15px;\">A-h\u00fcpervitaminoosi oht: A313 ei tohi kanda suurele nahapinnale, v\u00e4ga kahjustatud nahale ( p\u00f5lenud nahk, avatud haavad), limaskestale, enneaegsetel imikutel, v\u00e4ikel v\u00f5i pikaajalise ravi aja<\/span>l.<\/li>\n<\/ul>\n<p>&nbsp;<\/p>","protected":false},"excerpt":{"rendered":"<p>A vitamin A-based medication indicated for adjunctive treatment of irritative dermatitis.<\/p>","protected":false},"featured_media":8634,"comment_status":"open","ping_status":"closed","template":"","meta":{"om_disable_all_campaigns":false,"_monsterinsights_skip_tracking":false,"_monsterinsights_sitenote_active":false,"_monsterinsights_sitenote_note":"","_monsterinsights_sitenote_category":0,"_themeisle_gutenberg_block_has_review":false},"product_brand":[],"product_cat":[176,110,114,172,175,174],"product_tag":[],"class_list":{"0":"post-8435","1":"product","2":"type-product","3":"status-publish","4":"has-post-thumbnail","6":"product_cat-anti-age","7":"product_cat-naohooldus","8":"product_cat-seerumid","9":"product_cat-normaalsele-nahale","10":"product_cat-probleemne","11":"product_cat-rasune-kombineeritud","13":"first","14":"outofstock","15":"taxable","16":"shipping-taxable","17":"purchasable","18":"product-type-simple"},"aioseo_notices":[],"_links":{"self":[{"href":"https:\/\/beautybe.ee\/eng\/wp-json\/wp\/v2\/product\/8435","targetHints":{"allow":["GET"]}}],"collection":[{"href":"https:\/\/beautybe.ee\/eng\/wp-json\/wp\/v2\/product"}],"about":[{"href":"https:\/\/beautybe.ee\/eng\/wp-json\/wp\/v2\/types\/product"}],"replies":[{"embeddable":true,"href":"https:\/\/beautybe.ee\/eng\/wp-json\/wp\/v2\/comments?post=8435"}],"version-history":[{"count":2,"href":"https:\/\/beautybe.ee\/eng\/wp-json\/wp\/v2\/product\/8435\/revisions"}],"predecessor-version":[{"id":9876,"href":"https:\/\/beautybe.ee\/eng\/wp-json\/wp\/v2\/product\/8435\/revisions\/9876"}],"wp:featuredmedia":[{"embeddable":true,"href":"https:\/\/beautybe.ee\/eng\/wp-json\/wp\/v2\/media\/8634"}],"wp:attachment":[{"href":"https:\/\/beautybe.ee\/eng\/wp-json\/wp\/v2\/media?parent=8435"}],"wp:term":[{"taxonomy":"product_brand","embeddable":true,"href":"https:\/\/beautybe.ee\/eng\/wp-json\/wp\/v2\/product_brand?post=8435"},{"taxonomy":"product_cat","embeddable":true,"href":"https:\/\/beautybe.ee\/eng\/wp-json\/wp\/v2\/product_cat?post=8435"},{"taxonomy":"product_tag","embeddable":true,"href":"https:\/\/beautybe.ee\/eng\/wp-json\/wp\/v2\/product_tag?post=8435"}],"curies":[{"name":"wp","href":"https:\/\/api.w.org\/{rel}","templated":true}]}}