{"id":8668,"date":"2023-07-05T20:47:39","date_gmt":"2023-07-05T20:47:39","guid":{"rendered":"https:\/\/beautybe.ee\/?post_type=product&#038;p=8668"},"modified":"2024-07-09T11:28:54","modified_gmt":"2024-07-09T11:28:54","slug":"ducray-extra-doux-dermo-protecteur-shampoo-400ml","status":"publish","type":"product","link":"https:\/\/beautybe.ee\/eng\/product\/ducray-extra-doux-dermo-protecteur-shampoo-400ml\/","title":{"rendered":"Ducray Extra-Doux Dermo-Protecteur Shampoo 400ml"},"content":{"rendered":"<p>For frequent use by the whole family. The mild cleansing base does not damage even sensitive scalps and does not cause allergies. The amino acids in the product strengthen the hair structure, while preventing hair breakage. The result is lively, strong, healthy, and shiny hair. Extra-Gentle shampoo is suitable for the whole family (children from 3 years old). Paraben-free.<\/p>\n<p>&nbsp;<\/p>\n<p>&nbsp;<\/p>","protected":false},"excerpt":{"rendered":"<p>Eriti \u00f5rn, dermokaitsev \u0161ampoon juustele. Sobib lastele ja t\u00e4iskasvanutele.<\/p>","protected":false},"featured_media":8669,"comment_status":"open","ping_status":"closed","template":"","meta":{"om_disable_all_campaigns":false,"_monsterinsights_skip_tracking":false,"_monsterinsights_sitenote_active":false,"_monsterinsights_sitenote_note":"","_monsterinsights_sitenote_category":0,"_themeisle_gutenberg_block_has_review":false},"product_brand":[],"product_cat":[237,158,154,167],"product_tag":[252,250],"class_list":{"0":"post-8668","1":"product","2":"type-product","3":"status-publish","4":"has-post-thumbnail","6":"product_cat-juuksehooldus-meestele","7":"product_cat-juuksehooldus","8":"product_cat-meestele","9":"product_cat-sampoonid","10":"product_tag-ducray","11":"product_tag-shampoonid","13":"first","14":"instock","15":"taxable","16":"shipping-taxable","17":"purchasable","18":"product-type-simple"},"aioseo_notices":[],"_links":{"self":[{"href":"https:\/\/beautybe.ee\/eng\/wp-json\/wp\/v2\/product\/8668","targetHints":{"allow":["GET"]}}],"collection":[{"href":"https:\/\/beautybe.ee\/eng\/wp-json\/wp\/v2\/product"}],"about":[{"href":"https:\/\/beautybe.ee\/eng\/wp-json\/wp\/v2\/types\/product"}],"replies":[{"embeddable":true,"href":"https:\/\/beautybe.ee\/eng\/wp-json\/wp\/v2\/comments?post=8668"}],"version-history":[{"count":1,"href":"https:\/\/beautybe.ee\/eng\/wp-json\/wp\/v2\/product\/8668\/revisions"}],"predecessor-version":[{"id":10382,"href":"https:\/\/beautybe.ee\/eng\/wp-json\/wp\/v2\/product\/8668\/revisions\/10382"}],"wp:featuredmedia":[{"embeddable":true,"href":"https:\/\/beautybe.ee\/eng\/wp-json\/wp\/v2\/media\/8669"}],"wp:attachment":[{"href":"https:\/\/beautybe.ee\/eng\/wp-json\/wp\/v2\/media?parent=8668"}],"wp:term":[{"taxonomy":"product_brand","embeddable":true,"href":"https:\/\/beautybe.ee\/eng\/wp-json\/wp\/v2\/product_brand?post=8668"},{"taxonomy":"product_cat","embeddable":true,"href":"https:\/\/beautybe.ee\/eng\/wp-json\/wp\/v2\/product_cat?post=8668"},{"taxonomy":"product_tag","embeddable":true,"href":"https:\/\/beautybe.ee\/eng\/wp-json\/wp\/v2\/product_tag?post=8668"}],"curies":[{"name":"wp","href":"https:\/\/api.w.org\/{rel}","templated":true}]}}