{"id":8676,"date":"2023-07-07T08:30:29","date_gmt":"2023-07-07T08:30:29","guid":{"rendered":"https:\/\/beautybe.ee\/?post_type=product&#038;p=8676"},"modified":"2024-11-08T21:47:42","modified_gmt":"2024-11-08T21:47:42","slug":"lacabine-botox-like-ampoules-10x2ml","status":"publish","type":"product","link":"https:\/\/beautybe.ee\/eng\/product\/lacabine-botox-like-ampoules-10x2ml\/","title":{"rendered":"laCabine Botox Like 10x2ml"},"content":{"rendered":"<p>High-concentration ampoules for achieving a wrinkle-filling and \"ironing\" effect without injections. The unique formula with anti-wrinkle peptides, phyto-tensor active ingredients, and hyaluronic acid. Innovative technology inspired by the effect of wrinkle-smoothing injections but with a topical application. Smooths, fills, and softens wrinkles, especially expression lines, to give the skin a true \"ironing effect.\" Ultra-light, fragrance-free liquid texture that absorbs quickly.<br \/>\nUA ainulaadne valem kortsudevastaste peptiidide, f\u00fctotensori aktiivainete ja h\u00fcaluroonhappega.<br \/>\nUuenduslik tehnoloogia, mis on inspireeritud kortse siluvate s\u00fcstide toimest, kuid millel on paikne toime. Siluvad, t\u00e4idavad ja pehmendavad kortse, eriti v\u00e4ljenduskortse, et anda nahale t\u00f5eline &#8220;triigitav efekt&#8221;. \u00dclikerge, l\u00f5hnavaba vedel tekstuur, mis imendub kiiresti.<\/p>","protected":false},"excerpt":{"rendered":"<p>High-concentration ampoules for achieving a wrinkle-filling and \"ironing\" effect without injections. The unique formula with anti-wrinkle peptides, phyto-tensor active ingredients, and hyaluronic acid. Innovative technology inspired by the effect of wrinkle-smoothing injections but with a topical application. Smooths, fills, and softens wrinkles, especially expression lines, to give the skin a true \"ironing effect.\" Ultra-light, fragrance-free liquid texture that absorbs quickly.<\/p>","protected":false},"featured_media":8680,"comment_status":"open","ping_status":"closed","template":"","meta":{"om_disable_all_campaigns":false,"_monsterinsights_skip_tracking":false,"_monsterinsights_sitenote_active":false,"_monsterinsights_sitenote_note":"","_monsterinsights_sitenote_category":0,"_themeisle_gutenberg_block_has_review":false},"product_brand":[],"product_cat":[176,173,147,110,114,172,174,658],"product_tag":[128,118,657],"class_list":{"0":"post-8676","1":"product","2":"type-product","3":"status-publish","4":"has-post-thumbnail","6":"product_cat-anti-age","7":"product_cat-kuiv-ja-tundlik","8":"product_cat-kuiv-nahk","9":"product_cat-naohooldus","10":"product_cat-seerumid","11":"product_cat-normaalsele-nahale","12":"product_cat-rasune-kombineeritud","13":"product_cat-sale","14":"product_tag-lacabine","15":"product_tag-naoseerumid","16":"product_tag-sale","18":"first","19":"instock","20":"sale","21":"taxable","22":"shipping-taxable","23":"purchasable","24":"product-type-simple"},"aioseo_notices":[],"_links":{"self":[{"href":"https:\/\/beautybe.ee\/eng\/wp-json\/wp\/v2\/product\/8676","targetHints":{"allow":["GET"]}}],"collection":[{"href":"https:\/\/beautybe.ee\/eng\/wp-json\/wp\/v2\/product"}],"about":[{"href":"https:\/\/beautybe.ee\/eng\/wp-json\/wp\/v2\/types\/product"}],"replies":[{"embeddable":true,"href":"https:\/\/beautybe.ee\/eng\/wp-json\/wp\/v2\/comments?post=8676"}],"version-history":[{"count":1,"href":"https:\/\/beautybe.ee\/eng\/wp-json\/wp\/v2\/product\/8676\/revisions"}],"predecessor-version":[{"id":9869,"href":"https:\/\/beautybe.ee\/eng\/wp-json\/wp\/v2\/product\/8676\/revisions\/9869"}],"wp:featuredmedia":[{"embeddable":true,"href":"https:\/\/beautybe.ee\/eng\/wp-json\/wp\/v2\/media\/8680"}],"wp:attachment":[{"href":"https:\/\/beautybe.ee\/eng\/wp-json\/wp\/v2\/media?parent=8676"}],"wp:term":[{"taxonomy":"product_brand","embeddable":true,"href":"https:\/\/beautybe.ee\/eng\/wp-json\/wp\/v2\/product_brand?post=8676"},{"taxonomy":"product_cat","embeddable":true,"href":"https:\/\/beautybe.ee\/eng\/wp-json\/wp\/v2\/product_cat?post=8676"},{"taxonomy":"product_tag","embeddable":true,"href":"https:\/\/beautybe.ee\/eng\/wp-json\/wp\/v2\/product_tag?post=8676"}],"curies":[{"name":"wp","href":"https:\/\/api.w.org\/{rel}","templated":true}]}}