{"id":8690,"date":"2023-07-10T14:50:06","date_gmt":"2023-07-10T14:50:06","guid":{"rendered":"https:\/\/beautybe.ee\/?post_type=product&#038;p=8690"},"modified":"2024-11-08T21:45:09","modified_gmt":"2024-11-08T21:45:09","slug":"lacabine-multivitamin-10-x-2ml","status":"publish","type":"product","link":"https:\/\/beautybe.ee\/eng\/product\/lacabine-multivitamin-10-x-2ml\/","title":{"rendered":"laCabine Multivitamin 10 x 2ml"},"content":{"rendered":"<p>V\u00e4ga kontsentreeritud mitme kasuliku toimega ampullid, et s\u00e4ilitada terve, pehme, toidetud ja noorusliku naha kauemaks.<br \/>\nUnikaalne valem, mis sisaldab 11 t\u00fc\u00fcpi vitamiini (A, B, C, E, F, H ja PP), karnosiini ja looduslikku tensorit. Vitamiinide \u00fcliv\u00f5imas kombinatsioon, mis pakub k\u00f5ike, mida vajate, et nahk oleks terve, sile, toidetud ja noor. Igap\u00e4evane kasutamine ennetab vananemist, v\u00f5itleb juba n\u00e4htavate m\u00e4rkidega ja aktiveerib naha rakulisi mehhanisme, et ta toimiks optimaalselt. \u00dclikerge, l\u00f5hnavaba vedel tekstuur, mis imendub kiiresti.<\/p>","protected":false},"excerpt":{"rendered":"<p>V\u00e4ga kontsentreeritud mitme kasuliku toimega ampullid, et s\u00e4ilitada terve, pehme, toidetud ja noorusliku naha kauemaks.<\/p>","protected":false},"featured_media":8691,"comment_status":"open","ping_status":"closed","template":"","meta":{"om_disable_all_campaigns":false,"_monsterinsights_skip_tracking":false,"_monsterinsights_sitenote_active":false,"_monsterinsights_sitenote_note":"","_monsterinsights_sitenote_category":0,"_themeisle_gutenberg_block_has_review":false},"product_brand":[],"product_cat":[110,114],"product_tag":[145,128,118,657],"class_list":{"0":"post-8690","1":"product","2":"type-product","3":"status-publish","4":"has-post-thumbnail","6":"product_cat-naohooldus","7":"product_cat-seerumid","8":"product_tag-anti-age","9":"product_tag-lacabine","10":"product_tag-naoseerumid","11":"product_tag-sale","13":"first","14":"instock","15":"sale","16":"taxable","17":"shipping-taxable","18":"purchasable","19":"product-type-simple"},"aioseo_notices":[],"_links":{"self":[{"href":"https:\/\/beautybe.ee\/eng\/wp-json\/wp\/v2\/product\/8690","targetHints":{"allow":["GET"]}}],"collection":[{"href":"https:\/\/beautybe.ee\/eng\/wp-json\/wp\/v2\/product"}],"about":[{"href":"https:\/\/beautybe.ee\/eng\/wp-json\/wp\/v2\/types\/product"}],"replies":[{"embeddable":true,"href":"https:\/\/beautybe.ee\/eng\/wp-json\/wp\/v2\/comments?post=8690"}],"version-history":[{"count":1,"href":"https:\/\/beautybe.ee\/eng\/wp-json\/wp\/v2\/product\/8690\/revisions"}],"predecessor-version":[{"id":10371,"href":"https:\/\/beautybe.ee\/eng\/wp-json\/wp\/v2\/product\/8690\/revisions\/10371"}],"wp:featuredmedia":[{"embeddable":true,"href":"https:\/\/beautybe.ee\/eng\/wp-json\/wp\/v2\/media\/8691"}],"wp:attachment":[{"href":"https:\/\/beautybe.ee\/eng\/wp-json\/wp\/v2\/media?parent=8690"}],"wp:term":[{"taxonomy":"product_brand","embeddable":true,"href":"https:\/\/beautybe.ee\/eng\/wp-json\/wp\/v2\/product_brand?post=8690"},{"taxonomy":"product_cat","embeddable":true,"href":"https:\/\/beautybe.ee\/eng\/wp-json\/wp\/v2\/product_cat?post=8690"},{"taxonomy":"product_tag","embeddable":true,"href":"https:\/\/beautybe.ee\/eng\/wp-json\/wp\/v2\/product_tag?post=8690"}],"curies":[{"name":"wp","href":"https:\/\/api.w.org\/{rel}","templated":true}]}}