{"id":8761,"date":"2023-07-22T14:31:37","date_gmt":"2023-07-22T14:31:37","guid":{"rendered":"https:\/\/beautybe.ee\/?post_type=product&#038;p=8761"},"modified":"2024-05-22T07:24:50","modified_gmt":"2024-05-22T07:24:50","slug":"tree-hut-vitamin-c-shea-sugar-scrab-510gr","status":"publish","type":"product","link":"https:\/\/beautybe.ee\/eng\/product\/tree-hut-vitamin-c-shea-sugar-scrab-510gr\/","title":{"rendered":"Tree Hut Vitamin C Shea Sugar Scrab 510gr"},"content":{"rendered":"<p>Enhance your shower routine and experience intense exfoliation. Made from sugar, shea butter, vitamin C, alpha-hydroxy acids (AHA), and many natural oils like grapefruit, primrose, avocado, macadamia, sweet almond, safflower, and orange oil. It deeply nourishes and balances the skin\u2019s moisture, helping to restore its natural glow. The body scrub removes dull and dry skin, revealing radiant, soft, and smooth skin.<br \/>\nTree Hut Shea suhkrukoorijad sisaldavad 6-\u00f5li segu: avokaado\u00f5li, makadaamia\u00f5li, magusa apelsini\u00f5li, magusa mandli\u00f5li, priimula\u00f5li ja safloori\u00f5li.<br \/>\nTree Hut C-vitamiini Shea Sugar Scrub on parabeenivaba, vegan, sulfaadivaba, alkoholivaba, ei sisalda formaldeh\u00fc\u00fcdi doonoreid, on libisemiskindla koostisega ja kauakestva l\u00f5hnaga.<\/p>","protected":false},"excerpt":{"rendered":"<p>Toidab s\u00fcgavalt ja tasakaalustab naha niisutust, et aidata taastada naha loomulikku s\u00e4ra.<\/p>","protected":false},"featured_media":8766,"comment_status":"open","ping_status":"closed","template":"","meta":{"om_disable_all_campaigns":false,"_monsterinsights_skip_tracking":false,"_monsterinsights_sitenote_active":false,"_monsterinsights_sitenote_note":"","_monsterinsights_sitenote_category":0,"_themeisle_gutenberg_block_has_review":false},"product_brand":[],"product_cat":[120,166],"product_tag":[290,289],"class_list":{"0":"post-8761","1":"product","2":"type-product","3":"status-publish","4":"has-post-thumbnail","6":"product_cat-kehahooldus","7":"product_cat-koorijad-ja-mahised","8":"product_tag-kehakoorija","9":"product_tag-tree-hut","11":"first","12":"instock","13":"taxable","14":"shipping-taxable","15":"purchasable","16":"product-type-simple"},"aioseo_notices":[],"_links":{"self":[{"href":"https:\/\/beautybe.ee\/eng\/wp-json\/wp\/v2\/product\/8761","targetHints":{"allow":["GET"]}}],"collection":[{"href":"https:\/\/beautybe.ee\/eng\/wp-json\/wp\/v2\/product"}],"about":[{"href":"https:\/\/beautybe.ee\/eng\/wp-json\/wp\/v2\/types\/product"}],"replies":[{"embeddable":true,"href":"https:\/\/beautybe.ee\/eng\/wp-json\/wp\/v2\/comments?post=8761"}],"version-history":[{"count":1,"href":"https:\/\/beautybe.ee\/eng\/wp-json\/wp\/v2\/product\/8761\/revisions"}],"predecessor-version":[{"id":10369,"href":"https:\/\/beautybe.ee\/eng\/wp-json\/wp\/v2\/product\/8761\/revisions\/10369"}],"wp:featuredmedia":[{"embeddable":true,"href":"https:\/\/beautybe.ee\/eng\/wp-json\/wp\/v2\/media\/8766"}],"wp:attachment":[{"href":"https:\/\/beautybe.ee\/eng\/wp-json\/wp\/v2\/media?parent=8761"}],"wp:term":[{"taxonomy":"product_brand","embeddable":true,"href":"https:\/\/beautybe.ee\/eng\/wp-json\/wp\/v2\/product_brand?post=8761"},{"taxonomy":"product_cat","embeddable":true,"href":"https:\/\/beautybe.ee\/eng\/wp-json\/wp\/v2\/product_cat?post=8761"},{"taxonomy":"product_tag","embeddable":true,"href":"https:\/\/beautybe.ee\/eng\/wp-json\/wp\/v2\/product_tag?post=8761"}],"curies":[{"name":"wp","href":"https:\/\/api.w.org\/{rel}","templated":true}]}}