{"id":8767,"date":"2023-07-22T14:35:54","date_gmt":"2023-07-22T14:35:54","guid":{"rendered":"https:\/\/beautybe.ee\/?post_type=product&#038;p=8767"},"modified":"2024-05-22T07:20:44","modified_gmt":"2024-05-22T07:20:44","slug":"tree-hut-coco-colada-shea-sugar-scrab-510gr","status":"publish","type":"product","link":"https:\/\/beautybe.ee\/eng\/product\/tree-hut-coco-colada-shea-sugar-scrab-510gr\/","title":{"rendered":"Tree Hut Coco Colada Shea Sugar Scrab 510gr"},"content":{"rendered":"<p>Enhance your shower routine and experience intense exfoliation. The premium deep moisturizer Tree Hut Coco Colada softens and smooths dry, cracked skin. It contains natural oils \u2013 safflower seed oil, avocado oil, sweet almond oil, macadamia seed oil, and orange oil, along with coconut and pineapple. It deeply nourishes and balances the skin\u2019s moisture to help restore its natural glow. The body scrub removes dull and dry skin, revealing radiant, soft, and smooth skin.<br \/>\nTree Hut Coco ColadaShea Sugar Scrub on parabeenivaba, vegan, sulfaadivaba, alkoholivaba, ei sisalda formaldeh\u00fc\u00fcdi doonoreid, on libisemiskindla koostisega ja kauakestva l\u00f5hnaga.<\/p>","protected":false},"excerpt":{"rendered":"<p>Toidab s\u00fcgavalt ja tasakaalustab naha niisutust, et aidata taastada naha loomulikku s\u00e4ra.<\/p>","protected":false},"featured_media":8780,"comment_status":"open","ping_status":"closed","template":"","meta":{"om_disable_all_campaigns":false,"_monsterinsights_skip_tracking":false,"_monsterinsights_sitenote_active":false,"_monsterinsights_sitenote_note":"","_monsterinsights_sitenote_category":0,"_themeisle_gutenberg_block_has_review":false},"product_brand":[],"product_cat":[120,166],"product_tag":[290,289],"class_list":{"0":"post-8767","1":"product","2":"type-product","3":"status-publish","4":"has-post-thumbnail","6":"product_cat-kehahooldus","7":"product_cat-koorijad-ja-mahised","8":"product_tag-kehakoorija","9":"product_tag-tree-hut","11":"first","12":"instock","13":"taxable","14":"shipping-taxable","15":"purchasable","16":"product-type-simple"},"aioseo_notices":[],"_links":{"self":[{"href":"https:\/\/beautybe.ee\/eng\/wp-json\/wp\/v2\/product\/8767","targetHints":{"allow":["GET"]}}],"collection":[{"href":"https:\/\/beautybe.ee\/eng\/wp-json\/wp\/v2\/product"}],"about":[{"href":"https:\/\/beautybe.ee\/eng\/wp-json\/wp\/v2\/types\/product"}],"replies":[{"embeddable":true,"href":"https:\/\/beautybe.ee\/eng\/wp-json\/wp\/v2\/comments?post=8767"}],"version-history":[{"count":1,"href":"https:\/\/beautybe.ee\/eng\/wp-json\/wp\/v2\/product\/8767\/revisions"}],"predecessor-version":[{"id":10368,"href":"https:\/\/beautybe.ee\/eng\/wp-json\/wp\/v2\/product\/8767\/revisions\/10368"}],"wp:featuredmedia":[{"embeddable":true,"href":"https:\/\/beautybe.ee\/eng\/wp-json\/wp\/v2\/media\/8780"}],"wp:attachment":[{"href":"https:\/\/beautybe.ee\/eng\/wp-json\/wp\/v2\/media?parent=8767"}],"wp:term":[{"taxonomy":"product_brand","embeddable":true,"href":"https:\/\/beautybe.ee\/eng\/wp-json\/wp\/v2\/product_brand?post=8767"},{"taxonomy":"product_cat","embeddable":true,"href":"https:\/\/beautybe.ee\/eng\/wp-json\/wp\/v2\/product_cat?post=8767"},{"taxonomy":"product_tag","embeddable":true,"href":"https:\/\/beautybe.ee\/eng\/wp-json\/wp\/v2\/product_tag?post=8767"}],"curies":[{"name":"wp","href":"https:\/\/api.w.org\/{rel}","templated":true}]}}