{"id":8781,"date":"2023-07-25T21:53:47","date_gmt":"2023-07-25T21:53:47","guid":{"rendered":"https:\/\/beautybe.ee\/?post_type=product&#038;p=8781"},"modified":"2024-05-22T07:25:28","modified_gmt":"2024-05-22T07:25:28","slug":"collistar-idro-attiva-melting-exfoliating-face-gel-100-ml","status":"publish","type":"product","link":"https:\/\/beautybe.ee\/eng\/product\/collistar-idro-attiva-melting-exfoliating-face-gel-100-ml\/","title":{"rendered":"Collistar Idro-Attiva Melting Exfoliating Face Gel 100 ml"},"content":{"rendered":"<p>Collistar Idro-Attiva is a rich exfoliating gel with moisturizing and softening properties, containing ultra-fine sugar microgranules that effectively remove dirt and dead skin cells from the skin's surface. The unique texture remains the same, but the formula is now even more effective thanks to the special Idro-Attiva complex, which is deeply restorative, and includes Italian peony extract known for its antioxidant and detoxifying properties. The facial skin instantly becomes cleaner, smoother, and more radiant. When massaged onto the skin, the gel texture becomes pleasantly warm. Suitable for sensitive skin.<\/p>\n<p>Kasutamine: masseerige geel v\u00e4ikeste ringjate liigutustega n\u00e4ole ja kaelale, v\u00e4ltides silmade \u00fcmbrust ning keskendudes l\u00f5uale, ninale ja p\u00f5skedele. Loputage veega maha. Normaalsel nahal soovitatakse kasutada kaks korda, \u00f5rnal ja tundlikul nahal \u00fcks kord n\u00e4dalas.<\/p>","protected":false},"excerpt":{"rendered":"<p>Exfoliating facial gel with moisturizing and softening properties.<\/p>","protected":false},"featured_media":8782,"comment_status":"open","ping_status":"closed","template":"","meta":{"om_disable_all_campaigns":false,"_monsterinsights_skip_tracking":false,"_monsterinsights_sitenote_active":false,"_monsterinsights_sitenote_note":"","_monsterinsights_sitenote_category":0,"_themeisle_gutenberg_block_has_review":false},"product_brand":[],"product_cat":[173,110,291,172,174],"product_tag":[292,293],"class_list":{"0":"post-8781","1":"product","2":"type-product","3":"status-publish","4":"has-post-thumbnail","6":"product_cat-kuiv-ja-tundlik","7":"product_cat-naohooldus","8":"product_cat-naokoorijad","9":"product_cat-normaalsele-nahale","10":"product_cat-rasune-kombineeritud","11":"product_tag-collistar","12":"product_tag-naokoorijad","14":"first","15":"instock","16":"taxable","17":"shipping-taxable","18":"purchasable","19":"product-type-simple"},"aioseo_notices":[],"_links":{"self":[{"href":"https:\/\/beautybe.ee\/eng\/wp-json\/wp\/v2\/product\/8781","targetHints":{"allow":["GET"]}}],"collection":[{"href":"https:\/\/beautybe.ee\/eng\/wp-json\/wp\/v2\/product"}],"about":[{"href":"https:\/\/beautybe.ee\/eng\/wp-json\/wp\/v2\/types\/product"}],"replies":[{"embeddable":true,"href":"https:\/\/beautybe.ee\/eng\/wp-json\/wp\/v2\/comments?post=8781"}],"version-history":[{"count":1,"href":"https:\/\/beautybe.ee\/eng\/wp-json\/wp\/v2\/product\/8781\/revisions"}],"predecessor-version":[{"id":9862,"href":"https:\/\/beautybe.ee\/eng\/wp-json\/wp\/v2\/product\/8781\/revisions\/9862"}],"wp:featuredmedia":[{"embeddable":true,"href":"https:\/\/beautybe.ee\/eng\/wp-json\/wp\/v2\/media\/8782"}],"wp:attachment":[{"href":"https:\/\/beautybe.ee\/eng\/wp-json\/wp\/v2\/media?parent=8781"}],"wp:term":[{"taxonomy":"product_brand","embeddable":true,"href":"https:\/\/beautybe.ee\/eng\/wp-json\/wp\/v2\/product_brand?post=8781"},{"taxonomy":"product_cat","embeddable":true,"href":"https:\/\/beautybe.ee\/eng\/wp-json\/wp\/v2\/product_cat?post=8781"},{"taxonomy":"product_tag","embeddable":true,"href":"https:\/\/beautybe.ee\/eng\/wp-json\/wp\/v2\/product_tag?post=8781"}],"curies":[{"name":"wp","href":"https:\/\/api.w.org\/{rel}","templated":true}]}}