{"id":7885,"date":"2023-05-09T14:15:47","date_gmt":"2023-05-09T14:15:47","guid":{"rendered":"https:\/\/beautybe.ee\/?page_id=7885"},"modified":"2024-02-24T07:47:50","modified_gmt":"2024-02-24T07:47:50","slug":"kohaletoimetamine","status":"publish","type":"page","link":"https:\/\/beautybe.ee\/rus\/kohaletoimetamine\/","title":{"rendered":"\u0414\u043e\u0441\u0442\u0430\u0432\u043a\u0430"},"content":{"rendered":"<div data-elementor-type=\"wp-page\" data-elementor-id=\"7885\" class=\"elementor elementor-7885\">\n\t\t\t\t\t\t<section class=\"elementor-section elementor-top-section elementor-element elementor-element-e402e8b elementor-section-boxed elementor-section-height-default elementor-section-height-default qodef-elementor-content-no\" data-id=\"e402e8b\" data-element_type=\"section\" data-e-type=\"section\">\n\t\t\t\t\t\t<div class=\"elementor-container elementor-column-gap-default\">\n\t\t\t\t\t<div class=\"elementor-column elementor-col-100 elementor-top-column elementor-element elementor-element-ab2a30f\" data-id=\"ab2a30f\" data-element_type=\"column\" data-e-type=\"column\">\n\t\t\t<div class=\"elementor-widget-wrap elementor-element-populated\">\n\t\t\t\t\t\t<div class=\"elementor-element elementor-element-8bdfebc elementor-widget elementor-widget-heading\" data-id=\"8bdfebc\" data-element_type=\"widget\" data-e-type=\"widget\" data-widget_type=\"heading.default\">\n\t\t\t\t<div class=\"elementor-widget-container\">\n\t\t\t\t\t<h2 class=\"elementor-heading-title elementor-size-default\">\u0414\u043e\u0441\u0442\u0430\u0432\u043a\u0430<\/h2>\t\t\t\t<\/div>\n\t\t\t\t<\/div>\n\t\t\t\t\t<\/div>\n\t\t<\/div>\n\t\t\t\t\t<\/div>\n\t\t<\/section>\n\t\t\t\t<section class=\"elementor-section elementor-top-section elementor-element elementor-element-eed14e0 elementor-section-boxed elementor-section-height-default elementor-section-height-default qodef-elementor-content-no\" data-id=\"eed14e0\" data-element_type=\"section\" data-e-type=\"section\">\n\t\t\t\t\t\t<div class=\"elementor-container elementor-column-gap-default\">\n\t\t\t\t\t<div class=\"elementor-column elementor-col-100 elementor-top-column elementor-element elementor-element-6e73adf\" data-id=\"6e73adf\" data-element_type=\"column\" data-e-type=\"column\">\n\t\t\t<div class=\"elementor-widget-wrap elementor-element-populated\">\n\t\t\t\t\t\t<div class=\"elementor-element elementor-element-0a542a7 elementor-widget elementor-widget-text-editor\" data-id=\"0a542a7\" data-element_type=\"widget\" data-e-type=\"widget\" data-widget_type=\"text-editor.default\">\n\t\t\t\t<div class=\"elementor-widget-container\">\n\t\t\t\t\t\t\t\t\t<p><span style=\"font-weight: 400;\">Alates <span style=\"text-decoration: underline;\"><strong>70 \u20ac<\/strong> <\/span>on toodete kohaletoimetamine Balti riikides (Eesti, L\u00e4ti, Leedu) tasuta.<\/span><\/p>\n<h5><span style=\"color: #000000;\"><b>OMNIVA (PAKIAUTOMAAT)&nbsp;<\/b><\/span><\/h5>\n<p><strong>Hind alates 3.18 \u20ac&nbsp;<\/strong><\/p>\n<p><span style=\"font-weight: 400;\">\u2013 Kui teed ostu p\u00e4rast kella 15.00, saadetakse pakk v\u00e4lja j\u00e4rgmisel t\u00f6\u00f6p\u00e4eval. Reedel p\u00e4rast kella 15.00, laup\u00e4eval, p\u00fchap\u00e4eval ja riiklikel p\u00fchadel tehtud ostud&nbsp; &nbsp; &nbsp; &nbsp; &nbsp; &nbsp; v\u00e4ljastatakse saatmiseks j\u00e4rgmisel t\u00f6\u00f6p\u00e4eval.<\/span><\/p>\n<p><span style=\"font-weight: 400;\">\u2013 Omniva pakiautomaadi kasutamiseks pole vaja siseneda kaubanduskeskusesse. Pakiautomaadile saad kergelt ligi nii auto kui jalgratta, nii lapsevankri kui koeraga.<\/span><\/p>\n<p><span style=\"font-weight: 400;\">\u2013 Kui pakk on j\u00f5udnud sihtkoha pakiautomaati, saadetakse tellimuses m\u00e4rgitud mobiiltelefonile SMS.<\/span><\/p>\n<p><span style=\"font-weight: 400;\">\u2013 P\u00e4rast SMS-i saamist mine automaadi juurde ja sisesta SMS-is sisaldunud uksekood.<\/span><\/p>\n<p><span style=\"font-weight: 400;\">Omniva automaatide asukohad<\/span><\/p>\n<h5><b>SMARTPOST (PAKIAUTOMAAT)<\/b><\/h5>\n<p><strong>Hind alates 2,64 \u20ac<\/strong><\/p>\n<p><span style=\"font-weight: 400;\">\u2013 Kui teed ostu p\u00e4rast kella 15.00, saadetakse pakk v\u00e4lja j\u00e4rgmisel t\u00f6\u00f6p\u00e4eval. Reedel p\u00e4rast kella 15.00, laup\u00e4eval, p\u00fchap\u00e4eval ja riiklikel p\u00fchadel tehtud ostud v\u00e4ljastatakse saatmiseks j\u00e4rgmisel t\u00f6\u00f6p\u00e4eval.<\/span><\/p>\n<p><span style=\"font-weight: 400;\">\u2013 Kui pakk on j\u00f5udnud sihtkoha pakiautomaati, saadetakse tellimuses m\u00e4rgitud mobiiltelefonile SMS.<\/span><\/p>\n<p><span style=\"font-weight: 400;\">\u2013 P\u00e4rast SMS-i saamist mine automaadi juurde ja sisesta SMS-is sisaldunud uksekood.<\/span><\/p>\n<p><span style=\"font-weight: 400;\">\u2013 Pakile peab j\u00e4rgi minema 7 p\u00e4eva jooksul alates selle j\u00f5udmisest pakiautomaati.<\/span><\/p>\n<p><b>SMARTPOST<\/b><span style=\"font-weight: 400;\"> automaatide asukohad<\/span><\/p>\n<h5><b>DPD PICKUP PAKIAUTOMAAT V\u00d5I PAKIPOOD<\/b><\/h5>\n<p><strong>Hind plates&nbsp;2,95 \u20ac&nbsp;<\/strong><\/p>\n<p><span style=\"font-weight: 400;\">\u2013 Kui teed ostu p\u00e4rast kella 15.00, saadetakse pakk v\u00e4lja j\u00e4rgmisel t\u00f6\u00f6p\u00e4eval. Reedel p\u00e4rast kella 15.00, laup\u00e4eval, p\u00fchap\u00e4eval ja riiklikel p\u00fchadel tehtud ostud v\u00e4ljastatakse saatmiseks j\u00e4rgmisel t\u00f6\u00f6p\u00e4eval.<\/span><\/p>\n<p><span style=\"font-weight: 400;\">\u2013 Kui pakk on j\u00f5udnud sihtkohta, saadetakse tellimuses m\u00e4rgitud mobiiltelefonile SMS vajaliku infoga.<\/span><\/p>\n<p><span style=\"font-weight: 400;\">&nbsp;<\/span><b>DPD PICKUP PAKIAUTOMAAT V\u00d5I PAKIPOOD <\/b><span style=\"font-weight: 400;\">automaatide asukohad<\/span><\/p>\t\t\t\t\t\t\t\t<\/div>\n\t\t\t\t<\/div>\n\t\t\t\t\t<\/div>\n\t\t<\/div>\n\t\t\t\t\t<\/div>\n\t\t<\/section>\n\t\t\t\t<\/div>","protected":false},"excerpt":{"rendered":"<p>Kohaletoimetamine Alates 70 \u20ac on toodete kohaletoimetamine Balti riikides (Eesti, L\u00e4ti, Leedu) tasuta. OMNIVA (PAKIAUTOMAAT)&nbsp; Hind alates 3.18 \u20ac&nbsp; \u2013 Kui teed ostu p\u00e4rast kella 15.00, saadetakse pakk v\u00e4lja j\u00e4rgmisel t\u00f6\u00f6p\u00e4eval. Reedel p\u00e4rast kella 15.00, laup\u00e4eval, p\u00fchap\u00e4eval ja riiklikel p\u00fchadel tehtud ostud&nbsp; &nbsp; &nbsp; &nbsp; &nbsp; &nbsp; v\u00e4ljastatakse saatmiseks j\u00e4rgmisel t\u00f6\u00f6p\u00e4eval. \u2013 Omniva pakiautomaadi kasutamiseks [&hellip;]<\/p>\n","protected":false},"author":1,"featured_media":0,"parent":0,"menu_order":0,"comment_status":"closed","ping_status":"closed","template":"","meta":{"om_disable_all_campaigns":false,"_monsterinsights_skip_tracking":false,"_monsterinsights_sitenote_active":false,"_monsterinsights_sitenote_note":"","_monsterinsights_sitenote_category":0,"_themeisle_gutenberg_block_has_review":false,"footnotes":""},"class_list":["post-7885","page","type-page","status-publish","hentry"],"aioseo_notices":[],"_links":{"self":[{"href":"https:\/\/beautybe.ee\/rus\/wp-json\/wp\/v2\/pages\/7885","targetHints":{"allow":["GET"]}}],"collection":[{"href":"https:\/\/beautybe.ee\/rus\/wp-json\/wp\/v2\/pages"}],"about":[{"href":"https:\/\/beautybe.ee\/rus\/wp-json\/wp\/v2\/types\/page"}],"author":[{"embeddable":true,"href":"https:\/\/beautybe.ee\/rus\/wp-json\/wp\/v2\/users\/1"}],"replies":[{"embeddable":true,"href":"https:\/\/beautybe.ee\/rus\/wp-json\/wp\/v2\/comments?post=7885"}],"version-history":[{"count":7,"href":"https:\/\/beautybe.ee\/rus\/wp-json\/wp\/v2\/pages\/7885\/revisions"}],"predecessor-version":[{"id":9859,"href":"https:\/\/beautybe.ee\/rus\/wp-json\/wp\/v2\/pages\/7885\/revisions\/9859"}],"wp:attachment":[{"href":"https:\/\/beautybe.ee\/rus\/wp-json\/wp\/v2\/media?parent=7885"}],"curies":[{"name":"wp","href":"https:\/\/api.w.org\/{rel}","templated":true}]}}