{"id":10032,"date":"2024-04-02T13:23:57","date_gmt":"2024-04-02T13:23:57","guid":{"rendered":"https:\/\/beautybe.ee\/?post_type=product&#038;p=10032"},"modified":"2024-05-22T07:48:41","modified_gmt":"2024-05-22T07:48:41","slug":"iga-paev-omega-lastele-looduslik-puuviljamaitse","status":"publish","type":"product","link":"https:\/\/beautybe.ee\/rus\/product\/iga-paev-omega-lastele-looduslik-puuviljamaitse\/","title":{"rendered":"Iga P\u00e4ev Omega Lastele, Looduslik Puuviljamaitse"},"content":{"rendered":"<p><span data-sheets-root=\"1\" data-sheets-value=\"{&quot;1&quot;:2,&quot;2&quot;:&quot;Dietoloogiline lisand pehmete kapslite kujul loodusliku maasika maitsega, m\u00f5eldud lastele alates 3. eluaastast. Sisaldab oomega-3 rasvhappeid (EPA, DHA), mis v\u00f5ivad positiivselt m\u00f5jutada laste immuuns\u00fcsteemi funktsioneerimist ja soodustada normaalset n\u00e4gemist.\\nPeamised Eelised:\\n- \u00dclim trigl\u00fctseriidne vorm\\n- GMO-vaba kinnitus\\n- Aju- ja n\u00e4gemisfunktsioon\\n- Toidulisand&quot;}\" data-sheets-userformat=\"{&quot;2&quot;:829,&quot;3&quot;:{&quot;1&quot;:0},&quot;5&quot;:{&quot;1&quot;:[{&quot;1&quot;:2,&quot;2&quot;:0,&quot;5&quot;:{&quot;1&quot;:2,&quot;2&quot;:0}},{&quot;1&quot;:0,&quot;2&quot;:0,&quot;3&quot;:3},{&quot;1&quot;:1,&quot;2&quot;:0,&quot;4&quot;:1}]},&quot;6&quot;:{&quot;1&quot;:[{&quot;1&quot;:2,&quot;2&quot;:0,&quot;5&quot;:{&quot;1&quot;:2,&quot;2&quot;:0}},{&quot;1&quot;:0,&quot;2&quot;:0,&quot;3&quot;:3},{&quot;1&quot;:1,&quot;2&quot;:0,&quot;4&quot;:3}]},&quot;7&quot;:{&quot;1&quot;:[{&quot;1&quot;:2,&quot;2&quot;:0,&quot;5&quot;:{&quot;1&quot;:2,&quot;2&quot;:0}},{&quot;1&quot;:0,&quot;2&quot;:0,&quot;3&quot;:3},{&quot;1&quot;:1,&quot;2&quot;:0,&quot;4&quot;:1}]},&quot;8&quot;:{&quot;1&quot;:[{&quot;1&quot;:2,&quot;2&quot;:0,&quot;5&quot;:{&quot;1&quot;:2,&quot;2&quot;:0}},{&quot;1&quot;:0,&quot;2&quot;:0,&quot;3&quot;:3},{&quot;1&quot;:1,&quot;2&quot;:0,&quot;4&quot;:1}]},&quot;11&quot;:3,&quot;12&quot;:0}\">Dietoloogiline lisand pehmete kapslite kujul loodusliku maasika maitsega, m\u00f5eldud lastele alates 3. eluaastast. Sisaldab oomega-3 rasvhappeid (EPA, DHA), mis v\u00f5ivad positiivselt m\u00f5jutada laste immuuns\u00fcsteemi funktsioneerimist ja soodustada normaalset n\u00e4gemist.<br \/>\n<strong>Peamised Eelised:<\/strong><br \/>\n&#8211; \u00dclim trigl\u00fctseriidne vorm<br \/>\n&#8211; GMO-vaba kinnitus<br \/>\n&#8211; Aju- ja n\u00e4gemisfunktsioon<br \/>\n&#8211; Toidulisand<\/span><\/p>\n","protected":false},"excerpt":{"rendered":"<p><span data-sheets-root=\"1\" data-sheets-value=\"{&quot;1&quot;:2,&quot;2&quot;:&quot;Nordic Naturals | Iga P\u00e4ev Omega Lastele, Looduslik Puuviljamaitse | 30 pehmeid kapsleid | Vitamiinid&quot;}\" data-sheets-userformat=\"{&quot;2&quot;:829,&quot;3&quot;:{&quot;1&quot;:0},&quot;5&quot;:{&quot;1&quot;:[{&quot;1&quot;:2,&quot;2&quot;:0,&quot;5&quot;:{&quot;1&quot;:2,&quot;2&quot;:0}},{&quot;1&quot;:0,&quot;2&quot;:0,&quot;3&quot;:3},{&quot;1&quot;:1,&quot;2&quot;:0,&quot;4&quot;:1}]},&quot;6&quot;:{&quot;1&quot;:[{&quot;1&quot;:2,&quot;2&quot;:0,&quot;5&quot;:{&quot;1&quot;:2,&quot;2&quot;:0}},{&quot;1&quot;:0,&quot;2&quot;:0,&quot;3&quot;:3},{&quot;1&quot;:1,&quot;2&quot;:0,&quot;4&quot;:3}]},&quot;7&quot;:{&quot;1&quot;:[{&quot;1&quot;:2,&quot;2&quot;:0,&quot;5&quot;:{&quot;1&quot;:2,&quot;2&quot;:0}},{&quot;1&quot;:0,&quot;2&quot;:0,&quot;3&quot;:3},{&quot;1&quot;:1,&quot;2&quot;:0,&quot;4&quot;:1}]},&quot;8&quot;:{&quot;1&quot;:[{&quot;1&quot;:2,&quot;2&quot;:0,&quot;5&quot;:{&quot;1&quot;:2,&quot;2&quot;:0}},{&quot;1&quot;:0,&quot;2&quot;:0,&quot;3&quot;:3},{&quot;1&quot;:1,&quot;2&quot;:0,&quot;4&quot;:1}]},&quot;11&quot;:3,&quot;12&quot;:0}\" data-sheets-formula=\"=R[0]C[1]&amp;&quot; | &quot;&amp;R[0]C[-2]&amp;&quot; | &quot;&amp;R[0]C[5]&amp;&quot; | &quot;&amp;R[0]C[6]\">Nordic Naturals | Iga P\u00e4ev Omega Lastele, Looduslik Puuviljamaitse | 30 pehmeid kapsleid | Vitamiinid<\/span><\/p>\n","protected":false},"featured_media":10033,"comment_status":"open","ping_status":"closed","template":"","meta":{"om_disable_all_campaigns":false,"_monsterinsights_skip_tracking":false,"_monsterinsights_sitenote_active":false,"_monsterinsights_sitenote_note":"","_monsterinsights_sitenote_category":0,"_themeisle_gutenberg_block_has_review":false},"product_brand":[],"product_cat":[177],"product_tag":[267],"class_list":{"0":"post-10032","1":"product","2":"type-product","3":"status-publish","4":"has-post-thumbnail","6":"product_cat-vitamiinid","7":"product_tag-nordic-naturals","9":"first","10":"outofstock","11":"taxable","12":"shipping-taxable","13":"product-type-simple"},"aioseo_notices":[],"_links":{"self":[{"href":"https:\/\/beautybe.ee\/rus\/wp-json\/wp\/v2\/product\/10032","targetHints":{"allow":["GET"]}}],"collection":[{"href":"https:\/\/beautybe.ee\/rus\/wp-json\/wp\/v2\/product"}],"about":[{"href":"https:\/\/beautybe.ee\/rus\/wp-json\/wp\/v2\/types\/product"}],"replies":[{"embeddable":true,"href":"https:\/\/beautybe.ee\/rus\/wp-json\/wp\/v2\/comments?post=10032"}],"version-history":[{"count":1,"href":"https:\/\/beautybe.ee\/rus\/wp-json\/wp\/v2\/product\/10032\/revisions"}],"predecessor-version":[{"id":10034,"href":"https:\/\/beautybe.ee\/rus\/wp-json\/wp\/v2\/product\/10032\/revisions\/10034"}],"wp:featuredmedia":[{"embeddable":true,"href":"https:\/\/beautybe.ee\/rus\/wp-json\/wp\/v2\/media\/10033"}],"wp:attachment":[{"href":"https:\/\/beautybe.ee\/rus\/wp-json\/wp\/v2\/media?parent=10032"}],"wp:term":[{"taxonomy":"product_brand","embeddable":true,"href":"https:\/\/beautybe.ee\/rus\/wp-json\/wp\/v2\/product_brand?post=10032"},{"taxonomy":"product_cat","embeddable":true,"href":"https:\/\/beautybe.ee\/rus\/wp-json\/wp\/v2\/product_cat?post=10032"},{"taxonomy":"product_tag","embeddable":true,"href":"https:\/\/beautybe.ee\/rus\/wp-json\/wp\/v2\/product_tag?post=10032"}],"curies":[{"name":"wp","href":"https:\/\/api.w.org\/{rel}","templated":true}]}}