{"id":7526,"date":"2023-04-18T13:48:46","date_gmt":"2023-04-18T13:48:46","guid":{"rendered":"https:\/\/beautybe.ee\/product\/mustela-hydra-baby-body-milk-300ml\/"},"modified":"2024-07-09T12:06:13","modified_gmt":"2024-07-09T12:06:13","slug":"mustela-hydra-baby-body-milk-300ml","status":"publish","type":"product","link":"https:\/\/beautybe.ee\/rus\/product\/mustela-hydra-baby-body-milk-300ml\/","title":{"rendered":"Mustela Hydra B\u00e9b\u00e9 Body Milk 300ml"},"content":{"rendered":"<p>Mustela Baby Hydra B\u00e9b\u00e9 Body Lotion 300ml \u2013 \u043b\u0435\u0433\u043a\u043e\u0435 \u0438 \u0436\u0438\u0434\u043a\u043e\u0435 \u043c\u043e\u043b\u043e\u0447\u043a\u043e \u0434\u043b\u044f \u0442\u0435\u043b\u0430 \u0434\u043b\u044f \u043c\u043b\u0430\u0434\u0435\u043d\u0446\u0435\u0432 \u0438 \u0434\u0435\u0442\u0435\u0439, \u043a\u043e\u0442\u043e\u0440\u043e\u0435 \u043c\u043e\u0436\u043d\u043e \u0438\u0441\u043f\u043e\u043b\u044c\u0437\u043e\u0432\u0430\u0442\u044c \u0441 \u0441\u0430\u043c\u043e\u0433\u043e \u0440\u043e\u0436\u0434\u0435\u043d\u0438\u044f. \u0411\u043b\u0430\u0433\u043e\u0434\u0430\u0440\u044f \u0441\u043f\u0435\u0446\u0438\u0430\u043b\u044c\u043d\u043e \u0440\u0430\u0437\u0440\u0430\u0431\u043e\u0442\u0430\u043d\u043d\u043e\u043c\u0443 \u0441\u043e\u0441\u0442\u0430\u0432\u0443, \u0432\u043a\u043b\u044e\u0447\u0430\u044e\u0449\u0435\u043c\u0443 \u0437\u0430\u043f\u0430\u0442\u0435\u043d\u0442\u043e\u0432\u0430\u043d\u043d\u044b\u0439 \u043d\u0430\u0442\u0443\u0440\u0430\u043b\u044c\u043d\u044b\u0439 \u0438\u043d\u0433\u0440\u0435\u0434\u0438\u0435\u043d\u0442 Avocado Perseose\u00ae, \u0430 \u0442\u0430\u043a\u0436\u0435 \u043f\u043e\u0434\u0441\u043e\u043b\u043d\u0435\u0447\u043d\u043e\u0435 \u043c\u0430\u0441\u043b\u043e \u0438 \u0440\u0430\u0441\u0442\u0438\u0442\u0435\u043b\u044c\u043d\u044b\u0439 \u0433\u043b\u0438\u0446\u0435\u0440\u0438\u043d, \u044d\u0442\u043e\u0442 \u0433\u043b\u0443\u0431\u043e\u043a\u043e \u0443\u0432\u043b\u0430\u0436\u043d\u044f\u044e\u0449\u0438\u0439 \u043a\u0440\u0435\u043c \u043f\u043e\u043c\u043e\u0433\u0430\u0435\u0442 \u0443\u043a\u0440\u0435\u043f\u0438\u0442\u044c \u0431\u0430\u0440\u044c\u0435\u0440 \u0447\u0443\u0432\u0441\u0442\u0432\u0438\u0442\u0435\u043b\u044c\u043d\u043e\u0439 \u043a\u043e\u0436\u0438 \u043c\u0430\u043b\u044b\u0448\u0430, \u043e\u0441\u0442\u0430\u0432\u043b\u044f\u044f \u043a\u043e\u0436\u0443 \u043c\u044f\u0433\u043a\u043e\u0439. \u041b\u0435\u0433\u043a\u0430\u044f \u0438 \u0436\u0438\u0434\u043a\u0430\u044f \u0442\u0435\u043a\u0441\u0442\u0443\u0440\u0430 \u0431\u044b\u0441\u0442\u0440\u043e \u0432\u043f\u0438\u0442\u044b\u0432\u0430\u0435\u0442\u0441\u044f, \u0443\u043b\u0443\u0447\u0448\u0430\u044f \u0443\u0440\u043e\u0432\u0435\u043d\u044c \u0443\u0432\u043b\u0430\u0436\u043d\u0435\u043d\u043d\u043e\u0441\u0442\u0438 \u043a\u043e\u0436\u0438 \u043d\u0430 \u0434\u043b\u0438\u0442\u0435\u043b\u044c\u043d\u043e\u0435 \u0432\u0440\u0435\u043c\u044f.<\/p>","protected":false},"excerpt":{"rendered":"<p>Hydra B\u00e9b\u00e9 niisutav kehapiim niisutab koheselt ja p\u00fcsivalt laste nahka. Avokaadopiim kaitseb ja tugevdab nahabarj\u00e4\u00e4ri. Seda saab kasutada iga p\u00e4ev alates s\u00fcnnist<\/p>","protected":false},"featured_media":7701,"comment_status":"open","ping_status":"closed","template":"","meta":{"om_disable_all_campaigns":false,"_monsterinsights_skip_tracking":false,"_monsterinsights_sitenote_active":false,"_monsterinsights_sitenote_note":"","_monsterinsights_sitenote_category":0,"_themeisle_gutenberg_block_has_review":false},"product_brand":[],"product_cat":[133,132],"product_tag":[125,134,135],"class_list":{"0":"post-7526","1":"product","2":"type-product","3":"status-publish","4":"has-post-thumbnail","6":"product_cat-ihupiimad-ja-kreemid-lastele","7":"product_cat-lastele","8":"product_tag-ihupiim","9":"product_tag-lastele","10":"product_tag-mustela","11":"new","13":"first","14":"instock","15":"taxable","16":"shipping-taxable","17":"purchasable","18":"product-type-simple"},"aioseo_notices":[],"_links":{"self":[{"href":"https:\/\/beautybe.ee\/rus\/wp-json\/wp\/v2\/product\/7526","targetHints":{"allow":["GET"]}}],"collection":[{"href":"https:\/\/beautybe.ee\/rus\/wp-json\/wp\/v2\/product"}],"about":[{"href":"https:\/\/beautybe.ee\/rus\/wp-json\/wp\/v2\/types\/product"}],"replies":[{"embeddable":true,"href":"https:\/\/beautybe.ee\/rus\/wp-json\/wp\/v2\/comments?post=7526"}],"version-history":[{"count":2,"href":"https:\/\/beautybe.ee\/rus\/wp-json\/wp\/v2\/product\/7526\/revisions"}],"predecessor-version":[{"id":10508,"href":"https:\/\/beautybe.ee\/rus\/wp-json\/wp\/v2\/product\/7526\/revisions\/10508"}],"wp:featuredmedia":[{"embeddable":true,"href":"https:\/\/beautybe.ee\/rus\/wp-json\/wp\/v2\/media\/7701"}],"wp:attachment":[{"href":"https:\/\/beautybe.ee\/rus\/wp-json\/wp\/v2\/media?parent=7526"}],"wp:term":[{"taxonomy":"product_brand","embeddable":true,"href":"https:\/\/beautybe.ee\/rus\/wp-json\/wp\/v2\/product_brand?post=7526"},{"taxonomy":"product_cat","embeddable":true,"href":"https:\/\/beautybe.ee\/rus\/wp-json\/wp\/v2\/product_cat?post=7526"},{"taxonomy":"product_tag","embeddable":true,"href":"https:\/\/beautybe.ee\/rus\/wp-json\/wp\/v2\/product_tag?post=7526"}],"curies":[{"name":"wp","href":"https:\/\/api.w.org\/{rel}","templated":true}]}}