{"id":7754,"date":"2023-04-26T16:37:29","date_gmt":"2023-04-26T16:37:29","guid":{"rendered":"https:\/\/beautybe.ee\/?post_type=product&#038;p=7754"},"modified":"2024-11-09T06:49:34","modified_gmt":"2024-11-09T06:49:34","slug":"redumodel-hi-antiage-retexturizing-renewing-serum-30ml","status":"publish","type":"product","link":"https:\/\/beautybe.ee\/rus\/product\/redumodel-hi-antiage-retexturizing-renewing-serum-30ml\/","title":{"rendered":"Redumodel Hi Antiage Retexturizing Renewing Serum 30ml"},"content":{"rendered":"<p>\u0412\u043e\u0441\u0441\u0442\u0430\u043d\u0430\u0432\u043b\u0438\u0432\u0430\u044e\u0449\u0430\u044f \u043d\u043e\u0447\u043d\u0430\u044f \u0441\u044b\u0432\u043e\u0440\u043e\u0442\u043a\u0430 Hi Antiage Redumodel \u2014 \u0438\u0434\u0435\u0430\u043b\u044c\u043d\u044b\u0439 \u0441\u043e\u044e\u0437\u043d\u0438\u043a \u0434\u043b\u044f \u0441\u0442\u0438\u043c\u0443\u043b\u044f\u0446\u0438\u0438 \u043f\u0440\u0430\u0432\u0438\u043b\u044c\u043d\u043e\u0433\u043e \u043e\u0431\u043d\u043e\u0432\u043b\u0435\u043d\u0438\u044f \u043a\u043e\u0436\u0438, \u0432\u043e\u0437\u0432\u0440\u0430\u0449\u0430\u044f \u0435\u0439 \u043c\u043e\u043b\u043e\u0434\u043e\u0441\u0442\u044c \u0438 \u0437\u0434\u043e\u0440\u043e\u0432\u044b\u0439 \u0432\u0438\u0434. \u0411\u043b\u0430\u0433\u043e\u0434\u0430\u0440\u044f \u0434\u0432\u043e\u0439\u043d\u043e\u043c\u0443 \u043e\u0442\u0448\u0435\u043b\u0443\u0448\u0438\u0432\u0430\u044e\u0449\u0435\u043c\u0443 \u044d\u0444\u0444\u0435\u043a\u0442\u0443 \u0441\u044b\u0432\u043e\u0440\u043e\u0442\u043a\u0430 \u0443\u043c\u0435\u043d\u044c\u0448\u0430\u0435\u0442 \u043c\u0438\u043c\u0438\u0447\u0435\u0441\u043a\u0438\u0435 \u043c\u043e\u0440\u0449\u0438\u043d\u044b, \u0443\u043b\u0443\u0447\u0448\u0430\u0435\u0442 \u0432\u043d\u0435\u0448\u043d\u0438\u0439 \u0432\u0438\u0434 \u043d\u0435\u0441\u043e\u0432\u0435\u0440\u0448\u0435\u043d\u0441\u0442\u0432, \u0432\u044b\u0440\u0430\u0432\u043d\u0438\u0432\u0430\u0435\u0442 \u0442\u0435\u043a\u0441\u0442\u0443\u0440\u0443 \u0438 \u0442\u043e\u043d \u043a\u043e\u0436\u0438. \u041a\u0440\u043e\u043c\u0435 \u0442\u043e\u0433\u043e, \u043e\u043d\u0430 \u0443\u0432\u043b\u0430\u0436\u043d\u044f\u0435\u0442 \u0438 \u0443\u0441\u043f\u043e\u043a\u0430\u0438\u0432\u0430\u0435\u0442 \u043a\u043e\u0436\u0443.<\/p>","protected":false},"excerpt":{"rendered":"<p>Taastav \u00f6\u00f6seerum on ideaalne liitlane, et stimuleerida naha \u00f5iget taastumist.<\/p>","protected":false},"featured_media":7708,"comment_status":"open","ping_status":"closed","template":"","meta":{"om_disable_all_campaigns":false,"_monsterinsights_skip_tracking":false,"_monsterinsights_sitenote_active":false,"_monsterinsights_sitenote_note":"","_monsterinsights_sitenote_category":0,"_themeisle_gutenberg_block_has_review":false},"product_brand":[],"product_cat":[176,173,110,114,658],"product_tag":[118,150,657],"class_list":{"0":"post-7754","1":"product","2":"type-product","3":"status-publish","4":"has-post-thumbnail","6":"product_cat-anti-age","7":"product_cat-kuiv-ja-tundlik","8":"product_cat-naohooldus","9":"product_cat-seerumid","10":"product_cat-sale","11":"product_tag-naoseerumid","12":"product_tag-redumodel","13":"product_tag-sale","15":"first","16":"instock","17":"sale","18":"taxable","19":"shipping-taxable","20":"purchasable","21":"product-type-simple"},"aioseo_notices":[],"_links":{"self":[{"href":"https:\/\/beautybe.ee\/rus\/wp-json\/wp\/v2\/product\/7754","targetHints":{"allow":["GET"]}}],"collection":[{"href":"https:\/\/beautybe.ee\/rus\/wp-json\/wp\/v2\/product"}],"about":[{"href":"https:\/\/beautybe.ee\/rus\/wp-json\/wp\/v2\/types\/product"}],"replies":[{"embeddable":true,"href":"https:\/\/beautybe.ee\/rus\/wp-json\/wp\/v2\/comments?post=7754"}],"version-history":[{"count":1,"href":"https:\/\/beautybe.ee\/rus\/wp-json\/wp\/v2\/product\/7754\/revisions"}],"predecessor-version":[{"id":9898,"href":"https:\/\/beautybe.ee\/rus\/wp-json\/wp\/v2\/product\/7754\/revisions\/9898"}],"wp:featuredmedia":[{"embeddable":true,"href":"https:\/\/beautybe.ee\/rus\/wp-json\/wp\/v2\/media\/7708"}],"wp:attachment":[{"href":"https:\/\/beautybe.ee\/rus\/wp-json\/wp\/v2\/media?parent=7754"}],"wp:term":[{"taxonomy":"product_brand","embeddable":true,"href":"https:\/\/beautybe.ee\/rus\/wp-json\/wp\/v2\/product_brand?post=7754"},{"taxonomy":"product_cat","embeddable":true,"href":"https:\/\/beautybe.ee\/rus\/wp-json\/wp\/v2\/product_cat?post=7754"},{"taxonomy":"product_tag","embeddable":true,"href":"https:\/\/beautybe.ee\/rus\/wp-json\/wp\/v2\/product_tag?post=7754"}],"curies":[{"name":"wp","href":"https:\/\/api.w.org\/{rel}","templated":true}]}}