{"id":7853,"date":"2023-05-07T19:41:51","date_gmt":"2023-05-07T19:41:51","guid":{"rendered":"https:\/\/beautybe.ee\/?post_type=product&#038;p=7853"},"modified":"2024-11-08T21:56:55","modified_gmt":"2024-11-08T21:56:55","slug":"missha-time-revolution-night-repair-probio-ampoule-50ml","status":"publish","type":"product","link":"https:\/\/beautybe.ee\/rus\/product\/missha-time-revolution-night-repair-probio-ampoule-50ml\/","title":{"rendered":"Missha Time Revolution Night Repair Probio Ampoule 50ml"},"content":{"rendered":"<p>Time Revolution Night Repair Ampoule 5X \u2014 \u044d\u0442\u043e \u0432\u0435\u0434\u0443\u0449\u0430\u044f \u043f\u0440\u043e\u0431\u0438\u043e\u0442\u0438\u0447\u0435\u0441\u043a\u0430\u044f \u043d\u043e\u0447\u043d\u0430\u044f \u0441\u044b\u0432\u043e\u0440\u043e\u0442\u043a\u0430 \u043f\u044f\u0442\u043e\u0433\u043e \u043f\u043e\u043a\u043e\u043b\u0435\u043d\u0438\u044f \u043e\u0442 \u0431\u0440\u0435\u043d\u0434\u0430 Missha. \u042d\u0442\u043e\u0442 \u043f\u0438\u0442\u0430\u0442\u0435\u043b\u044c\u043d\u044b\u0439 \u0441\u0435\u0440\u0443\u043c \u0441\u043e\u0434\u0435\u0440\u0436\u0438\u0442 77,2% Extreme Biome, \u0441\u0444\u043e\u0440\u043c\u0443\u043b\u0438\u0440\u043e\u0432\u0430\u043d\u043d\u043e\u0433\u043e \u0441 10 \u0440\u0430\u0437\u043b\u0438\u0447\u043d\u044b\u043c\u0438 \u043f\u0440\u043e\u0431\u0438\u043e\u0442\u0438\u043a\u0430\u043c\u0438 \u0434\u043b\u044f \u0431\u044b\u0441\u0442\u0440\u043e\u0433\u043e \u0434\u0435\u0439\u0441\u0442\u0432\u0438\u044f. \u041e\u043d \u043f\u043e\u043c\u043e\u0433\u0430\u0435\u0442 \u0443\u043a\u0440\u0435\u043f\u043b\u044f\u0442\u044c \u0438 \u043f\u043e\u0434\u0442\u044f\u0433\u0438\u0432\u0430\u0442\u044c \u043a\u043e\u0436\u0443, \u0443\u043b\u0443\u0447\u0448\u0430\u0435\u0442 \u0435\u0451 \u0443\u043f\u0440\u0443\u0433\u043e\u0441\u0442\u044c \u0438 \u0441\u0438\u044f\u043d\u0438\u0435, \u043f\u0440\u0438\u0434\u0430\u0451\u0442 \u043b\u0438\u0444\u0442\u0438\u043d\u0433-\u044d\u0444\u0444\u0435\u043a\u0442, \u0443\u0432\u043b\u0430\u0436\u043d\u044f\u0435\u0442 \u0438 \u043e\u0441\u0432\u0435\u0442\u043b\u044f\u0435\u0442 \u043a\u043e\u0436\u0443 \u0437\u0430 \u043d\u043e\u0447\u044c. \u0418\u043d\u0433\u0440\u0435\u0434\u0438\u0435\u043d\u0442\u044b \u0444\u0435\u0440\u043c\u0435\u043d\u0442\u0438\u0440\u0443\u044e\u0442\u0441\u044f \u043f\u043e \u043c\u0435\u0442\u043e\u0434\u0443 Missha EXTREME FERMENT \u03b1\u2122, \u0443\u043d\u0438\u043a\u0430\u043b\u044c\u043d\u043e\u043c\u0443 \u0442\u0440\u0451\u0445\u0441\u0442\u0443\u043f\u0435\u043d\u0447\u0430\u0442\u043e\u043c\u0443 \u043f\u0440\u043e\u0446\u0435\u0441\u0441\u0443 \u0444\u0435\u0440\u043c\u0435\u043d\u0442\u0430\u0446\u0438\u0438, \u043a\u043e\u0442\u043e\u0440\u044b\u0439 \u043e\u0431\u0435\u0441\u043f\u0435\u0447\u0438\u0432\u0430\u0435\u0442 \u0441\u0442\u0430\u0431\u0438\u043b\u044c\u043d\u044b\u0439 \u0438 \u0438\u043d\u0442\u0435\u043d\u0441\u0438\u0432\u043d\u044b\u0439 \u0437\u0430\u0440\u044f\u0434 \u0430\u043a\u0442\u0438\u0432\u043d\u044b\u0445 \u043a\u043e\u043c\u043f\u043e\u043d\u0435\u043d\u0442\u043e\u0432. \u041a\u043b\u0438\u043d\u0438\u0447\u0435\u0441\u043a\u0438 \u0434\u043e\u043a\u0430\u0437\u0430\u043d\u043e, \u0447\u0442\u043e Time Revolution Night Repair Ampoule 5X \u0443\u043b\u0443\u0447\u0448\u0430\u0435\u0442 \u0441\u043e\u0441\u0442\u043e\u044f\u043d\u0438\u0435 \u0443\u0441\u0442\u0430\u0432\u0448\u0435\u0439 \u043a\u043e\u0436\u0438 \u0443\u0436\u0435 \u0447\u0435\u0440\u0435\u0437 10 \u0447\u0430\u0441\u043e\u0432 \u0438\u0441\u043f\u043e\u043b\u044c\u0437\u043e\u0432\u0430\u043d\u0438\u044f.<\/p>","protected":false},"excerpt":{"rendered":"<p>Time Revolution Night Repair Ampoule 5X on probiootiline \u00fcle\u00f6\u00f6ravi.<\/p>","protected":false},"featured_media":7854,"comment_status":"open","ping_status":"closed","template":"","meta":{"om_disable_all_campaigns":false,"_monsterinsights_skip_tracking":false,"_monsterinsights_sitenote_active":false,"_monsterinsights_sitenote_note":"","_monsterinsights_sitenote_category":0,"_themeisle_gutenberg_block_has_review":false},"product_brand":[],"product_cat":[162,110,114,658],"product_tag":[198,118,657],"class_list":{"0":"post-7853","1":"product","2":"type-product","3":"status-publish","4":"has-post-thumbnail","6":"product_cat-korea-kosmeetika","7":"product_cat-naohooldus","8":"product_cat-seerumid","9":"product_cat-sale","10":"product_tag-missha","11":"product_tag-naoseerumid","12":"product_tag-sale","14":"first","15":"instock","16":"sale","17":"taxable","18":"shipping-taxable","19":"purchasable","20":"product-type-simple"},"aioseo_notices":[],"_links":{"self":[{"href":"https:\/\/beautybe.ee\/rus\/wp-json\/wp\/v2\/product\/7853","targetHints":{"allow":["GET"]}}],"collection":[{"href":"https:\/\/beautybe.ee\/rus\/wp-json\/wp\/v2\/product"}],"about":[{"href":"https:\/\/beautybe.ee\/rus\/wp-json\/wp\/v2\/types\/product"}],"replies":[{"embeddable":true,"href":"https:\/\/beautybe.ee\/rus\/wp-json\/wp\/v2\/comments?post=7853"}],"version-history":[{"count":1,"href":"https:\/\/beautybe.ee\/rus\/wp-json\/wp\/v2\/product\/7853\/revisions"}],"predecessor-version":[{"id":10502,"href":"https:\/\/beautybe.ee\/rus\/wp-json\/wp\/v2\/product\/7853\/revisions\/10502"}],"wp:featuredmedia":[{"embeddable":true,"href":"https:\/\/beautybe.ee\/rus\/wp-json\/wp\/v2\/media\/7854"}],"wp:attachment":[{"href":"https:\/\/beautybe.ee\/rus\/wp-json\/wp\/v2\/media?parent=7853"}],"wp:term":[{"taxonomy":"product_brand","embeddable":true,"href":"https:\/\/beautybe.ee\/rus\/wp-json\/wp\/v2\/product_brand?post=7853"},{"taxonomy":"product_cat","embeddable":true,"href":"https:\/\/beautybe.ee\/rus\/wp-json\/wp\/v2\/product_cat?post=7853"},{"taxonomy":"product_tag","embeddable":true,"href":"https:\/\/beautybe.ee\/rus\/wp-json\/wp\/v2\/product_tag?post=7853"}],"curies":[{"name":"wp","href":"https:\/\/api.w.org\/{rel}","templated":true}]}}