{"id":7872,"date":"2023-05-07T20:55:46","date_gmt":"2023-05-07T20:55:46","guid":{"rendered":"https:\/\/beautybe.ee\/?post_type=product&#038;p=7872"},"modified":"2024-11-09T07:40:00","modified_gmt":"2024-11-09T07:40:00","slug":"hello-skin-jumiso-rich-nourishment-mask-26ml","status":"publish","type":"product","link":"https:\/\/beautybe.ee\/rus\/product\/hello-skin-jumiso-rich-nourishment-mask-26ml\/","title":{"rendered":"Hello Skin Jumiso Rich Nourishment Mask 26ml"},"content":{"rendered":"<p>\u041c\u0430\u0441\u043a\u0430 Jumiso Rich Nourishment Mask \u0441\u043e\u0434\u0435\u0440\u0436\u0438\u0442 \u043c\u043e\u0449\u043d\u044b\u0435 \u0443\u0432\u043b\u0430\u0436\u043d\u044f\u044e\u0449\u0438\u0435 \u043a\u043e\u043c\u043f\u043e\u043d\u0435\u043d\u0442\u044b, \u0442\u0430\u043a\u0438\u0435 \u043a\u0430\u043a \u0430\u0440\u0433\u0430\u043d\u043e\u0432\u043e\u0435 \u043c\u0430\u0441\u043b\u043e \u0438 \u043a\u0435\u0440\u0430\u043c\u0438\u0434\u044b. \u0413\u043b\u0443\u0431\u043e\u043a\u043e \u043f\u0438\u0442\u0430\u0442\u0435\u043b\u044c\u043d\u0430\u044f \u043c\u0430\u0441\u043a\u0430 \u0434\u0435\u043b\u0430\u0435\u0442 \u0441\u0443\u0445\u0443\u044e \u043a\u043e\u0436\u0443 \u0441\u0438\u044f\u044e\u0449\u0435\u0439. \u0422\u043e\u043d\u043a\u043e\u0435 \u0438 \u0434\u044b\u0448\u0430\u0449\u0435\u0435 \u0445\u043b\u043e\u043f\u043a\u043e\u0432\u043e\u0435 \u043f\u043e\u043b\u043e\u0442\u043d\u043e Cupra \u043f\u0440\u0438\u044f\u0442\u043d\u043e \u0434\u043b\u044f \u043a\u043e\u0436\u0438 \u0438 \u043e\u0431\u0435\u0441\u043f\u0435\u0447\u0438\u0432\u0430\u0435\u0442 \u043a\u043e\u043d\u0446\u0435\u043d\u0442\u0440\u0438\u0440\u043e\u0432\u0430\u043d\u043d\u044b\u0439 \u044d\u0441\u0441\u0435\u043d\u0441 \u0431\u043b\u0430\u0433\u043e\u0434\u0430\u0440\u044f \u0441\u043f\u043e\u0441\u043e\u0431\u043d\u043e\u0441\u0442\u0438 \u0443\u0434\u0435\u0440\u0436\u0438\u0432\u0430\u0442\u044c \u0432 10 \u0440\u0430\u0437 \u0431\u043e\u043b\u044c\u0448\u0435 \u044d\u0441\u0441\u0435\u043d\u0446\u0438\u0438, \u0447\u0435\u043c \u043e\u0431\u044b\u0447\u043d\u044b\u0435 \u0445\u043b\u043e\u043f\u043a\u043e\u0432\u044b\u0435 \u043c\u0430\u0441\u043a\u0438.\n\u041a\u0435\u0440\u0430\u043c\u0438\u0434\u044b \u043f\u043e\u043c\u043e\u0433\u0430\u044e\u0442 \u043f\u043e\u0434\u0434\u0435\u0440\u0436\u0438\u0432\u0430\u0442\u044c \u0437\u0430\u0449\u0438\u0442\u043d\u044b\u0439 \u0431\u0430\u0440\u044c\u0435\u0440 \u043a\u043e\u0436\u0438 \u0438 \u043e\u0431\u0435\u0441\u043f\u0435\u0447\u0438\u0432\u0430\u044e\u0442 \u0434\u043b\u0438\u0442\u0435\u043b\u044c\u043d\u043e\u0435 \u0443\u0432\u043b\u0430\u0436\u043d\u0435\u043d\u0438\u0435. \u0410\u0440\u0433\u0430\u043d\u043e\u0432\u043e\u0435 \u043c\u0430\u0441\u043b\u043e \u043e\u0431\u043b\u0430\u0434\u0430\u0435\u0442 \u043c\u0430\u0442\u0438\u0440\u0443\u044e\u0449\u0438\u043c\u0438 \u0441\u0432\u043e\u0439\u0441\u0442\u0432\u0430\u043c\u0438, \u0434\u0435\u043b\u0430\u044f \u0442\u043e\u043d \u043a\u043e\u0436\u0438 \u0431\u043e\u043b\u0435\u0435 \u0433\u043b\u0430\u0434\u043a\u0438\u043c \u0438 \u0441\u043f\u043e\u043a\u043e\u0439\u043d\u044b\u043c.<br \/>\nKeramiidid \u2013 aitavad s\u00e4ilitada naha barj\u00e4\u00e4ri ja s\u00e4ilitada kauakestvat niisutust. Argaania\u00f5li \u2013 sisaldab rasuvastaseid omadusi, mis muudavad jume siledamaks ja rahulikumaks<\/p>\n<p>&nbsp;<\/p>","protected":false},"excerpt":{"rendered":"<p>\u0418\u043d\u0442\u0435\u043d\u0441\u0438\u0432\u043d\u043e \u0443\u0432\u043b\u0430\u0436\u043d\u044f\u0435\u0442 \u0441\u0443\u0445\u0443\u044e \u043a\u043e\u0436\u0443.<\/p>","protected":false},"featured_media":7963,"comment_status":"open","ping_status":"closed","template":"","meta":{"om_disable_all_campaigns":false,"_monsterinsights_skip_tracking":false,"_monsterinsights_sitenote_active":false,"_monsterinsights_sitenote_note":"","_monsterinsights_sitenote_category":0,"_themeisle_gutenberg_block_has_review":false},"product_brand":[],"product_cat":[162,113,110],"product_tag":[202,660,164],"class_list":{"0":"post-7872","1":"product","2":"type-product","3":"status-publish","4":"has-post-thumbnail","6":"product_cat-korea-kosmeetika","7":"product_cat-maskid","8":"product_cat-naohooldus","9":"product_tag-jumiso","10":"product_tag-korea25","11":"product_tag-mask","13":"first","14":"instock","15":"sale","16":"taxable","17":"shipping-taxable","18":"purchasable","19":"product-type-simple"},"aioseo_notices":[],"_links":{"self":[{"href":"https:\/\/beautybe.ee\/rus\/wp-json\/wp\/v2\/product\/7872","targetHints":{"allow":["GET"]}}],"collection":[{"href":"https:\/\/beautybe.ee\/rus\/wp-json\/wp\/v2\/product"}],"about":[{"href":"https:\/\/beautybe.ee\/rus\/wp-json\/wp\/v2\/types\/product"}],"replies":[{"embeddable":true,"href":"https:\/\/beautybe.ee\/rus\/wp-json\/wp\/v2\/comments?post=7872"}],"version-history":[{"count":1,"href":"https:\/\/beautybe.ee\/rus\/wp-json\/wp\/v2\/product\/7872\/revisions"}],"predecessor-version":[{"id":10645,"href":"https:\/\/beautybe.ee\/rus\/wp-json\/wp\/v2\/product\/7872\/revisions\/10645"}],"wp:featuredmedia":[{"embeddable":true,"href":"https:\/\/beautybe.ee\/rus\/wp-json\/wp\/v2\/media\/7963"}],"wp:attachment":[{"href":"https:\/\/beautybe.ee\/rus\/wp-json\/wp\/v2\/media?parent=7872"}],"wp:term":[{"taxonomy":"product_brand","embeddable":true,"href":"https:\/\/beautybe.ee\/rus\/wp-json\/wp\/v2\/product_brand?post=7872"},{"taxonomy":"product_cat","embeddable":true,"href":"https:\/\/beautybe.ee\/rus\/wp-json\/wp\/v2\/product_cat?post=7872"},{"taxonomy":"product_tag","embeddable":true,"href":"https:\/\/beautybe.ee\/rus\/wp-json\/wp\/v2\/product_tag?post=7872"}],"curies":[{"name":"wp","href":"https:\/\/api.w.org\/{rel}","templated":true}]}}