{"id":8019,"date":"2023-05-11T07:20:21","date_gmt":"2023-05-11T07:20:21","guid":{"rendered":"https:\/\/beautybe.ee\/?post_type=product&#038;p=8019"},"modified":"2024-05-22T08:40:30","modified_gmt":"2024-05-22T08:40:30","slug":"vichy-ideal-soleil-velvety-dace-cream-spf50-50ml","status":"publish","type":"product","link":"https:\/\/beautybe.ee\/rus\/product\/vichy-ideal-soleil-velvety-dace-cream-spf50-50ml\/","title":{"rendered":"Vichy Id\u00e9al Soleil Velvety Face Cream Spf50 50ml"},"content":{"rendered":"<p>\u0421\u043e\u043b\u043d\u0446\u0435\u0437\u0430\u0449\u0438\u0442\u043d\u044b\u0439 \u043a\u0440\u0435\u043c Vichy Capital Id\u00e9al Soleil Velvety \u0441 \u0431\u0430\u0440\u0445\u0430\u0442\u0438\u0441\u0442\u043e\u0439 \u0442\u0435\u043a\u0441\u0442\u0443\u0440\u043e\u0439 \u0433\u043b\u0443\u0431\u043e\u043a\u043e \u0443\u0432\u043b\u0430\u0436\u043d\u044f\u0435\u0442, \u0432\u044b\u0440\u0430\u0432\u043d\u0438\u0432\u0430\u0435\u0442 \u0442\u043e\u043d \u043a\u043e\u0436\u0438, \u0440\u0430\u0437\u0433\u043b\u0430\u0436\u0438\u0432\u0430\u0435\u0442 \u043c\u043e\u0440\u0449\u0438\u043d\u043a\u0438 \u0438 \u043f\u0440\u0438\u0434\u0430\u0451\u0442 \u043c\u044f\u0433\u043a\u043e\u0435, \u0448\u0435\u043b\u043a\u043e\u0432\u0438\u0441\u0442\u043e\u0435 \u043f\u043e\u043a\u0440\u044b\u0442\u0438\u0435. \u0421\u043e\u043b\u043d\u0446\u0435\u0437\u0430\u0449\u0438\u0442\u043d\u044b\u0435 \u0444\u0438\u043b\u044c\u0442\u0440\u044b UVA \u0438 UVB \u0432 \u0441\u043e\u0447\u0435\u0442\u0430\u043d\u0438\u0438 \u0441 \u0444\u0438\u043b\u044c\u0442\u0440\u0430\u0446\u0438\u043e\u043d\u043d\u043e\u0439 \u0441\u0438\u0441\u0442\u0435\u043c\u043e\u0439 Meroxyl SX \u0438 XL \u043e\u0431\u0435\u0441\u043f\u0435\u0447\u0438\u0432\u0430\u044e\u0442 \u043f\u043e\u043b\u043d\u0443\u044e \u0437\u0430\u0449\u0438\u0442\u0443 \u043e\u0442 UVA- \u0438 UVB-\u0438\u0437\u043b\u0443\u0447\u0435\u043d\u0438\u044f, \u043f\u0440\u0435\u0434\u043e\u0442\u0432\u0440\u0430\u0449\u0430\u044f \u043f\u0440\u0435\u0436\u0434\u0435\u0432\u0440\u0435\u043c\u0435\u043d\u043d\u043e\u0435 \u0441\u0442\u0430\u0440\u0435\u043d\u0438\u0435 \u043a\u043e\u0436\u0438, \u0432\u044b\u0437\u0432\u0430\u043d\u043d\u043e\u0435 \u0441\u043e\u043b\u043d\u0446\u0435\u043c. \u0418\u0434\u0435\u0430\u043b\u044c\u043d\u043e \u043f\u043e\u0434\u0445\u043e\u0434\u0438\u0442 \u0434\u043b\u044f \u0443\u0445\u043e\u0434\u0430 \u0437\u0430 \u0441\u0443\u0445\u043e\u0439 \u0438 \u043d\u043e\u0440\u043c\u0430\u043b\u044c\u043d\u043e\u0439 \u043a\u043e\u0436\u0435\u0439.<\/p>","protected":false},"excerpt":{"rendered":"<p>Kaitseb ja aitab \u00e4ra hoida p\u00e4ikesest p\u00f5hjustatud naha enneaegse vananemise.<\/p>","protected":false},"featured_media":8100,"comment_status":"open","ping_status":"closed","template":"","meta":{"om_disable_all_campaigns":false,"_monsterinsights_skip_tracking":false,"_monsterinsights_sitenote_active":false,"_monsterinsights_sitenote_note":"","_monsterinsights_sitenote_category":0,"_themeisle_gutenberg_block_has_review":false},"product_brand":[],"product_cat":[110,148],"product_tag":[145,232,129],"class_list":{"0":"post-8019","1":"product","2":"type-product","3":"status-publish","4":"has-post-thumbnail","6":"product_cat-naohooldus","7":"product_cat-paikesetooted","8":"product_tag-anti-age","9":"product_tag-paikesetooted","10":"product_tag-vichy","12":"first","13":"instock","14":"taxable","15":"shipping-taxable","16":"purchasable","17":"product-type-simple"},"aioseo_notices":[],"_links":{"self":[{"href":"https:\/\/beautybe.ee\/rus\/wp-json\/wp\/v2\/product\/8019","targetHints":{"allow":["GET"]}}],"collection":[{"href":"https:\/\/beautybe.ee\/rus\/wp-json\/wp\/v2\/product"}],"about":[{"href":"https:\/\/beautybe.ee\/rus\/wp-json\/wp\/v2\/types\/product"}],"replies":[{"embeddable":true,"href":"https:\/\/beautybe.ee\/rus\/wp-json\/wp\/v2\/comments?post=8019"}],"version-history":[{"count":1,"href":"https:\/\/beautybe.ee\/rus\/wp-json\/wp\/v2\/product\/8019\/revisions"}],"predecessor-version":[{"id":9860,"href":"https:\/\/beautybe.ee\/rus\/wp-json\/wp\/v2\/product\/8019\/revisions\/9860"}],"wp:featuredmedia":[{"embeddable":true,"href":"https:\/\/beautybe.ee\/rus\/wp-json\/wp\/v2\/media\/8100"}],"wp:attachment":[{"href":"https:\/\/beautybe.ee\/rus\/wp-json\/wp\/v2\/media?parent=8019"}],"wp:term":[{"taxonomy":"product_brand","embeddable":true,"href":"https:\/\/beautybe.ee\/rus\/wp-json\/wp\/v2\/product_brand?post=8019"},{"taxonomy":"product_cat","embeddable":true,"href":"https:\/\/beautybe.ee\/rus\/wp-json\/wp\/v2\/product_cat?post=8019"},{"taxonomy":"product_tag","embeddable":true,"href":"https:\/\/beautybe.ee\/rus\/wp-json\/wp\/v2\/product_tag?post=8019"}],"curies":[{"name":"wp","href":"https:\/\/api.w.org\/{rel}","templated":true}]}}