{"id":8686,"date":"2023-07-10T14:27:28","date_gmt":"2023-07-10T14:27:28","guid":{"rendered":"https:\/\/beautybe.ee\/?post_type=product&#038;p=8686"},"modified":"2025-02-02T23:10:04","modified_gmt":"2025-02-02T23:10:04","slug":"lacabine-anti-aging-reviving-elixir-ampoules-10-x-2ml","status":"publish","type":"product","link":"https:\/\/beautybe.ee\/rus\/product\/lacabine-anti-aging-reviving-elixir-ampoules-10-x-2ml\/","title":{"rendered":"laCabine Anti-Aging Reviving Elixir 10 x 2ml"},"content":{"rendered":"<p>\u0410\u043c\u043f\u0443\u043b\u044b \u0441 \u0432\u044b\u0441\u043e\u043a\u043e\u0439 \u043a\u043e\u043d\u0446\u0435\u043d\u0442\u0440\u0430\u0446\u0438\u0435\u0439 \u0434\u043b\u044f \u0437\u0440\u0435\u043b\u043e\u0439 \u043a\u043e\u0436\u0438, \u043a\u043e\u0442\u043e\u0440\u044b\u0435 \u0431\u043e\u0440\u044e\u0442\u0441\u044f \u0441 3 \u043e\u0441\u043d\u043e\u0432\u043d\u044b\u043c\u0438 \u043f\u0440\u0438\u0437\u043d\u0430\u043a\u0430\u043c\u0438 \u0441\u0442\u0430\u0440\u0435\u043d\u0438\u044f: \u0442\u0451\u043c\u043d\u044b\u0435 \u043f\u044f\u0442\u043d\u0430, \u043d\u0435\u0434\u043e\u0441\u0442\u0430\u0442\u043e\u043a \u0441\u0438\u044f\u043d\u0438\u044f \u0438 \u0433\u043b\u0443\u0431\u043e\u043a\u0438\u0435 \u043c\u043e\u0440\u0449\u0438\u043d\u044b. \u0423\u043d\u0438\u043a\u0430\u043b\u044c\u043d\u0430\u044f \u0444\u043e\u0440\u043c\u0443\u043b\u0430 \u0441 \u043f\u043e\u0440\u043e\u0448\u043a\u043e\u043c \u0441\u043d\u0435\u0436\u043d\u044b\u0445 \u0432\u043e\u0434\u043e\u0440\u043e\u0441\u043b\u0435\u0439, \u0446\u0432\u0435\u0442\u043a\u043e\u043c \u0440\u043e\u043c\u0430\u0448\u043a\u0438, \u043f\u0440\u043e\u0431\u0438\u043e\u0442\u0438\u043a\u0430\u043c\u0438, Swertia Chirata, \u043a\u0440\u0430\u0441\u043d\u044b\u043c\u0438 \u043c\u043e\u0440\u0441\u043a\u0438\u043c\u0438 \u0432\u043e\u0434\u043e\u0440\u043e\u0441\u043b\u044f\u043c\u0438 \u0438 \u043a\u0430\u0440\u043d\u043e\u0437\u0438\u043d\u043e\u043c. Reviving Elixir \u044d\u0444\u0444\u0435\u043a\u0442\u0438\u0432\u043d\u043e \u0431\u043e\u0440\u0435\u0442\u0441\u044f \u0441 \u043e\u0441\u043d\u043e\u0432\u043d\u044b\u043c\u0438 \u043f\u0440\u0438\u0437\u043d\u0430\u043a\u0430\u043c\u0438 \u0441\u0442\u0430\u0440\u0435\u043d\u0438\u044f \u0437\u0440\u0435\u043b\u043e\u0439 \u043a\u043e\u0436\u0438: \u0442\u0451\u043c\u043d\u044b\u0435 \u043f\u044f\u0442\u043d\u0430, \u043d\u0435\u0434\u043e\u0441\u0442\u0430\u0442\u043e\u043a \u0441\u0438\u044f\u043d\u0438\u044f \u0438 \u0433\u043b\u0443\u0431\u043e\u043a\u0438\u0435 \u043c\u043e\u0440\u0449\u0438\u043d\u044b. \u0411\u043e\u0433\u0430\u0442\u0430\u044f, \u0431\u0435\u0437 \u0437\u0430\u043f\u0430\u0445\u0430 \u0442\u0435\u043a\u0441\u0442\u0443\u0440\u0430, \u043a\u043e\u0442\u043e\u0440\u0430\u044f \u0431\u044b\u0441\u0442\u0440\u043e \u0432\u043f\u0438\u0442\u044b\u0432\u0430\u0435\u0442\u0441\u044f.<br \/>\nReviving Elixir v\u00f5itleb t\u00f5husalt k\u00fcpse naha peamiste vananemism\u00e4rkidega: tumedad laigud, heleduse puudumine ja s\u00fcgavad kortsud. Rikkalik, l\u00f5hnavaba tekstuur, mis imendub kiiresti.<\/p>","protected":false},"excerpt":{"rendered":"<p>\u0410\u043c\u043f\u0443\u043b\u044b \u0441 \u0432\u044b\u0441\u043e\u043a\u043e\u0439 \u043a\u043e\u043d\u0446\u0435\u043d\u0442\u0440\u0430\u0446\u0438\u0435\u0439 \u0434\u043b\u044f \u0437\u0440\u0435\u043b\u043e\u0439 \u043a\u043e\u0436\u0438, \u043a\u043e\u0442\u043e\u0440\u044b\u0435 \u0431\u043e\u0440\u044e\u0442\u0441\u044f \u0441 3 \u043e\u0441\u043d\u043e\u0432\u043d\u044b\u043c\u0438 \u043f\u0440\u0438\u0437\u043d\u0430\u043a\u0430\u043c\u0438 \u0441\u0442\u0430\u0440\u0435\u043d\u0438\u044f: \u0442\u0451\u043c\u043d\u044b\u0435 \u043f\u044f\u0442\u043d\u0430, \u043d\u0435\u0434\u043e\u0441\u0442\u0430\u0442\u043e\u043a \u0441\u0438\u044f\u043d\u0438\u044f \u0438 \u0433\u043b\u0443\u0431\u043e\u043a\u0438\u0435 \u043c\u043e\u0440\u0449\u0438\u043d\u044b.<\/p>","protected":false},"featured_media":8687,"comment_status":"open","ping_status":"closed","template":"","meta":{"om_disable_all_campaigns":false,"_monsterinsights_skip_tracking":false,"_monsterinsights_sitenote_active":false,"_monsterinsights_sitenote_note":"","_monsterinsights_sitenote_category":0,"_themeisle_gutenberg_block_has_review":false},"product_brand":[],"product_cat":[176,110,114],"product_tag":[145,128,118,657],"class_list":{"0":"post-8686","1":"product","2":"type-product","3":"status-publish","4":"has-post-thumbnail","6":"product_cat-anti-age","7":"product_cat-naohooldus","8":"product_cat-seerumid","9":"product_tag-anti-age","10":"product_tag-lacabine","11":"product_tag-naoseerumid","12":"product_tag-sale","14":"first","15":"instock","16":"sale","17":"taxable","18":"shipping-taxable","19":"purchasable","20":"product-type-simple"},"aioseo_notices":[],"_links":{"self":[{"href":"https:\/\/beautybe.ee\/rus\/wp-json\/wp\/v2\/product\/8686","targetHints":{"allow":["GET"]}}],"collection":[{"href":"https:\/\/beautybe.ee\/rus\/wp-json\/wp\/v2\/product"}],"about":[{"href":"https:\/\/beautybe.ee\/rus\/wp-json\/wp\/v2\/types\/product"}],"replies":[{"embeddable":true,"href":"https:\/\/beautybe.ee\/rus\/wp-json\/wp\/v2\/comments?post=8686"}],"version-history":[{"count":1,"href":"https:\/\/beautybe.ee\/rus\/wp-json\/wp\/v2\/product\/8686\/revisions"}],"predecessor-version":[{"id":9867,"href":"https:\/\/beautybe.ee\/rus\/wp-json\/wp\/v2\/product\/8686\/revisions\/9867"}],"wp:featuredmedia":[{"embeddable":true,"href":"https:\/\/beautybe.ee\/rus\/wp-json\/wp\/v2\/media\/8687"}],"wp:attachment":[{"href":"https:\/\/beautybe.ee\/rus\/wp-json\/wp\/v2\/media?parent=8686"}],"wp:term":[{"taxonomy":"product_brand","embeddable":true,"href":"https:\/\/beautybe.ee\/rus\/wp-json\/wp\/v2\/product_brand?post=8686"},{"taxonomy":"product_cat","embeddable":true,"href":"https:\/\/beautybe.ee\/rus\/wp-json\/wp\/v2\/product_cat?post=8686"},{"taxonomy":"product_tag","embeddable":true,"href":"https:\/\/beautybe.ee\/rus\/wp-json\/wp\/v2\/product_tag?post=8686"}],"curies":[{"name":"wp","href":"https:\/\/api.w.org\/{rel}","templated":true}]}}