{"id":8767,"date":"2023-07-22T14:35:54","date_gmt":"2023-07-22T14:35:54","guid":{"rendered":"https:\/\/beautybe.ee\/?post_type=product&#038;p=8767"},"modified":"2024-05-22T07:20:44","modified_gmt":"2024-05-22T07:20:44","slug":"tree-hut-coco-colada-shea-sugar-scrab-510gr","status":"publish","type":"product","link":"https:\/\/beautybe.ee\/rus\/product\/tree-hut-coco-colada-shea-sugar-scrab-510gr\/","title":{"rendered":"Tree Hut Coco Colada Shea Sugar Scrab 510gr"},"content":{"rendered":"<p>\u0423\u043b\u0443\u0447\u0448\u0438\u0442\u0435 \u0432\u0430\u0448\u0443 \u0434\u0443\u0448\u0435\u0432\u0443\u044e \u0440\u0443\u0442\u0438\u043d\u0443 \u0438 \u0438\u0441\u043f\u044b\u0442\u0430\u0439\u0442\u0435 \u0438\u043d\u0442\u0435\u043d\u0441\u0438\u0432\u043d\u043e\u0435 \u043e\u0442\u0448\u0435\u043b\u0443\u0448\u0438\u0432\u0430\u043d\u0438\u0435. \u041f\u0440\u0435\u043c\u0438\u0443\u043c \u0433\u043b\u0443\u0431\u043e\u043a\u043e \u0443\u0432\u043b\u0430\u0436\u043d\u044f\u044e\u0449\u0438\u0439 \u0441\u043a\u0440\u0430\u0431 Tree Hut Coco Colada \u0441\u043c\u044f\u0433\u0447\u0430\u0435\u0442 \u0438 \u0432\u044b\u0440\u0430\u0432\u043d\u0438\u0432\u0430\u0435\u0442 \u0441\u0443\u0445\u0443\u044e, \u0442\u0440\u0435\u0441\u043d\u0443\u0432\u0448\u0443\u044e \u043a\u043e\u0436\u0443. \u041e\u043d \u0441\u043e\u0434\u0435\u0440\u0436\u0438\u0442 \u043d\u0430\u0442\u0443\u0440\u0430\u043b\u044c\u043d\u044b\u0435 \u043c\u0430\u0441\u043b\u0430 \u2013 \u0441\u0430\u0444\u043b\u043e\u0440\u043e\u0432\u043e\u0435 \u043c\u0430\u0441\u043b\u043e, \u043c\u0430\u0441\u043b\u043e \u0430\u0432\u043e\u043a\u0430\u0434\u043e, \u043c\u0430\u0441\u043b\u043e \u0441\u043b\u0430\u0434\u043a\u043e\u0433\u043e \u043c\u0438\u043d\u0434\u0430\u043b\u044f, \u043c\u0430\u0441\u043b\u043e \u0441\u0435\u043c\u044f\u043d \u043c\u0430\u043a\u0430\u0434\u0430\u043c\u0438\u0438 \u0438 \u0430\u043f\u0435\u043b\u044c\u0441\u0438\u043d\u043e\u0432\u043e\u0435 \u043c\u0430\u0441\u043b\u043e, \u0430 \u0442\u0430\u043a\u0436\u0435 \u043a\u043e\u043a\u043e\u0441 \u0438 \u0430\u043d\u0430\u043d\u0430\u0441. \u0421\u043a\u0440\u0430\u0431 \u0433\u043b\u0443\u0431\u043e\u043a\u043e \u043f\u0438\u0442\u0430\u0435\u0442 \u0438 \u0431\u0430\u043b\u0430\u043d\u0441\u0438\u0440\u0443\u0435\u0442 \u0443\u0432\u043b\u0430\u0436\u043d\u0435\u043d\u0438\u0435 \u043a\u043e\u0436\u0438, \u043f\u043e\u043c\u043e\u0433\u0430\u044f \u0432\u043e\u0441\u0441\u0442\u0430\u043d\u043e\u0432\u0438\u0442\u044c \u0435\u0451 \u0435\u0441\u0442\u0435\u0441\u0442\u0432\u0435\u043d\u043d\u043e\u0435 \u0441\u0438\u044f\u043d\u0438\u0435. \u041e\u043d \u0443\u0434\u0430\u043b\u044f\u0435\u0442 \u0442\u0443\u0441\u043a\u043b\u0443\u044e \u0438 \u0441\u0443\u0445\u0443\u044e \u043a\u043e\u0436\u0443, \u043e\u0431\u043d\u0430\u0436\u0430\u044f \u0441\u0438\u044f\u044e\u0449\u0443\u044e, \u043c\u044f\u0433\u043a\u0443\u044e \u0438 \u0433\u043b\u0430\u0434\u043a\u0443\u044e \u043a\u043e\u0436<br \/>\nTree Hut Coco ColadaShea Sugar Scrub on parabeenivaba, vegan, sulfaadivaba, alkoholivaba, ei sisalda formaldeh\u00fc\u00fcdi doonoreid, on libisemiskindla koostisega ja kauakestva l\u00f5hnaga.<\/p>","protected":false},"excerpt":{"rendered":"<p>Toidab s\u00fcgavalt ja tasakaalustab naha niisutust, et aidata taastada naha loomulikku s\u00e4ra.<\/p>","protected":false},"featured_media":8780,"comment_status":"open","ping_status":"closed","template":"","meta":{"om_disable_all_campaigns":false,"_monsterinsights_skip_tracking":false,"_monsterinsights_sitenote_active":false,"_monsterinsights_sitenote_note":"","_monsterinsights_sitenote_category":0,"_themeisle_gutenberg_block_has_review":false},"product_brand":[],"product_cat":[120,166],"product_tag":[290,289],"class_list":{"0":"post-8767","1":"product","2":"type-product","3":"status-publish","4":"has-post-thumbnail","6":"product_cat-kehahooldus","7":"product_cat-koorijad-ja-mahised","8":"product_tag-kehakoorija","9":"product_tag-tree-hut","11":"first","12":"instock","13":"taxable","14":"shipping-taxable","15":"purchasable","16":"product-type-simple"},"aioseo_notices":[],"_links":{"self":[{"href":"https:\/\/beautybe.ee\/rus\/wp-json\/wp\/v2\/product\/8767","targetHints":{"allow":["GET"]}}],"collection":[{"href":"https:\/\/beautybe.ee\/rus\/wp-json\/wp\/v2\/product"}],"about":[{"href":"https:\/\/beautybe.ee\/rus\/wp-json\/wp\/v2\/types\/product"}],"replies":[{"embeddable":true,"href":"https:\/\/beautybe.ee\/rus\/wp-json\/wp\/v2\/comments?post=8767"}],"version-history":[{"count":1,"href":"https:\/\/beautybe.ee\/rus\/wp-json\/wp\/v2\/product\/8767\/revisions"}],"predecessor-version":[{"id":10368,"href":"https:\/\/beautybe.ee\/rus\/wp-json\/wp\/v2\/product\/8767\/revisions\/10368"}],"wp:featuredmedia":[{"embeddable":true,"href":"https:\/\/beautybe.ee\/rus\/wp-json\/wp\/v2\/media\/8780"}],"wp:attachment":[{"href":"https:\/\/beautybe.ee\/rus\/wp-json\/wp\/v2\/media?parent=8767"}],"wp:term":[{"taxonomy":"product_brand","embeddable":true,"href":"https:\/\/beautybe.ee\/rus\/wp-json\/wp\/v2\/product_brand?post=8767"},{"taxonomy":"product_cat","embeddable":true,"href":"https:\/\/beautybe.ee\/rus\/wp-json\/wp\/v2\/product_cat?post=8767"},{"taxonomy":"product_tag","embeddable":true,"href":"https:\/\/beautybe.ee\/rus\/wp-json\/wp\/v2\/product_tag?post=8767"}],"curies":[{"name":"wp","href":"https:\/\/api.w.org\/{rel}","templated":true}]}}